{"id":12954,"date":"2020-08-27T08:23:10","date_gmt":"2020-08-27T08:23:10","guid":{"rendered":"https:\/\/vitaminetherapy.com\/en\/?page_id=12954"},"modified":"2024-02-22T21:29:27","modified_gmt":"2024-02-22T21:29:27","slug":"iptal-ve-iade-politikasi","status":"publish","type":"page","link":"https:\/\/vitaminetherapy.com\/en\/iptal-ve-iade-politikasi\/","title":{"rendered":"\u0130ptal ve \u0130ade"},"content":{"rendered":"\t\t<div data-elementor-type=\"wp-page\" data-elementor-id=\"12954\" class=\"elementor elementor-12954\">\n\t\t\t\t\t\t<section class=\"elementor-section elementor-top-section elementor-element elementor-element-2b1184b0 elementor-section-boxed elementor-section-height-default elementor-section-height-default sc_fly_static\" data-id=\"2b1184b0\" data-element_type=\"section\" data-settings=\"{&quot;background_background&quot;:&quot;classic&quot;}\">\n\t\t\t\t\t\t<div class=\"elementor-container elementor-column-gap-extended\">\n\t\t\t\t\t<div class=\"elementor-column elementor-col-100 elementor-top-column elementor-element elementor-element-153e1c19 sc_inner_width_none sc_content_align_inherit sc_layouts_column_icons_position_left sc_fly_static\" data-id=\"153e1c19\" data-element_type=\"column\">\n\t\t\t<div class=\"elementor-widget-wrap elementor-element-populated\">\n\t\t\t\t\t\t<div class=\"elementor-element elementor-element-54db29de sc_fly_static elementor-widget elementor-widget-text-editor\" data-id=\"54db29de\" data-element_type=\"widget\" data-widget_type=\"text-editor.default\">\n\t\t\t\t<div class=\"elementor-widget-container\">\n\t\t\t\t\t\t\t\t\t<h5>\u0130ptal ve \u0130ade Politikas\u0131<\/h5><p>Vitamine Therapy\u2019de y\u00fcksek kaliteli vitamin uygulama hizmetleri sunmay\u0131 taahh\u00fct ediyoruz. Ancak, al\u0131nan hizmetlerden memnun olunmad\u0131\u011f\u0131 zamanlar olabilece\u011fini anl\u0131yoruz.<br \/>Ald\u0131\u011f\u0131n\u0131z vitamin uygulama hizmetlerinden memnun de\u011filseniz, endi\u015felerinizi g\u00f6r\u00fc\u015fmek i\u00e7in l\u00fctfen info@vitaminetherapy.com adresinden bizimle ileti\u015fime ge\u00e7in. Herhangi bir sorunu \u00e7\u00f6zmek ve ald\u0131\u011f\u0131n\u0131z bak\u0131mdan memnun kalman\u0131z\u0131 sa\u011flamak i\u00e7in elimizden gelenin en iyisini yapaca\u011f\u0131z.<\/p><p>Endi\u015felerinizi bizimle g\u00f6r\u00fc\u015ft\u00fckten sonra hala memnun de\u011filseniz ve iade veya de\u011fi\u015fim talep etmek istiyorsan\u0131z, l\u00fctfen a\u015fa\u011f\u0131da belirtilen s\u00fcreci takip edin:<br \/>\u0130ade veya de\u011fi\u015fim i\u00e7in info@vitaminetherapy.com adresine yaz\u0131l\u0131 talepte bulunun. L\u00fctfen ad\u0131n\u0131z\u0131, hizmet tarihini ve talebinizin nedenini ayr\u0131nt\u0131l\u0131 bir \u015fekilde belirtin.<br \/>Ekibimiz iste\u011finizi inceleyecek ve [15] i\u015f g\u00fcn\u00fc i\u00e7inde yan\u0131t verecektir.<\/p><p>Talebiniz onaylan\u0131rsa, iade veya de\u011fi\u015fim i\u015flemine nas\u0131l devam edece\u011finize ili\u015fkin talimatlar\u0131 sa\u011flayaca\u011f\u0131z.<br \/>L\u00fctfen, se\u00e7meli veya kozmetik nitelikte olanlar gibi belirli hizmetler veya halihaz\u0131rda sa\u011flanm\u0131\u015f hizmetler i\u00e7in iade veya de\u011fi\u015fim sunabilece\u011fimizi unutmay\u0131n.<\/p><p>\u0130ade politikam\u0131z hakk\u0131nda herhangi bir sorunuz varsa, l\u00fctfen ileti\u015fim adresinden bizimle ileti\u015fime ge\u00e7mekten \u00e7ekinmeyin. Yard\u0131m etmek i\u00e7in buraday\u0131z.<br \/>Vitamin ihtiya\u00e7lar\u0131n\u0131z i\u00e7in Vitamin Terapi sitesini se\u00e7ti\u011finiz i\u00e7in te\u015fekk\u00fcr ederiz.<\/p>\t\t\t\t\t\t\t\t<\/div>\n\t\t\t\t<\/div>\n\t\t\t\t\t<\/div>\n\t\t<\/div>\n\t\t\t\t\t<\/div>\n\t\t<\/section>\n\t\t\t\t<section class=\"elementor-section elementor-top-section elementor-element elementor-element-7ef86bc8 elementor-section-boxed elementor-section-height-default elementor-section-height-default sc_fly_static\" data-id=\"7ef86bc8\" data-element_type=\"section\">\n\t\t\t\t\t\t<div class=\"elementor-container elementor-column-gap-extended\">\n\t\t\t\t\t<div class=\"elementor-column elementor-col-100 elementor-top-column elementor-element elementor-element-19372eea sc_inner_width_none sc_content_align_inherit sc_layouts_column_icons_position_left sc_fly_static\" data-id=\"19372eea\" data-element_type=\"column\">\n\t\t\t<div class=\"elementor-widget-wrap elementor-element-populated\">\n\t\t\t\t\t\t<div class=\"elementor-element elementor-element-690b98ed sc_fly_static elementor-widget elementor-widget-spacer\" data-id=\"690b98ed\" data-element_type=\"widget\" data-widget_type=\"spacer.default\">\n\t\t\t\t<div class=\"elementor-widget-container\">\n\t\t\t\t\t\t\t<div class=\"elementor-spacer\">\n\t\t\t<div class=\"elementor-spacer-inner\"><\/div>\n\t\t<\/div>\n\t\t\t\t\t\t<\/div>\n\t\t\t\t<\/div>\n\t\t\t\t\t<\/div>\n\t\t<\/div>\n\t\t\t\t\t<\/div>\n\t\t<\/section>\n\t\t\t\t<\/div>\n\t\t","protected":false},"excerpt":{"rendered":"<p>\u0130ptal ve \u0130ade Politikas\u0131 Vitamine Therapy\u2019de y\u00fcksek kaliteli vitamin uygulama hizmetleri sunmay\u0131 taahh\u00fct ediyoruz. Ancak, al\u0131nan hizmetlerden memnun olunmad\u0131\u011f\u0131 zamanlar olabilece\u011fini anl\u0131yoruz.Ald\u0131\u011f\u0131n\u0131z vitamin uygulama hizmetlerinden memnun de\u011filseniz, endi\u015felerinizi g\u00f6r\u00fc\u015fmek i\u00e7in&hellip;<\/p>\n","protected":false},"author":6,"featured_media":0,"parent":0,"menu_order":0,"comment_status":"closed","ping_status":"closed","template":"","meta":{"om_disable_all_campaigns":false,"_monsterinsights_skip_tracking":false,"_monsterinsights_sitenote_active":false,"_monsterinsights_sitenote_note":"","_monsterinsights_sitenote_category":0,"_joinchat":[],"footnotes":""},"class_list":["post-12954","page","type-page","status-publish","hentry"],"yoast_head":"<!-- This site is optimized with the Yoast SEO plugin v24.2 - https:\/\/yoast.com\/wordpress\/plugins\/seo\/ -->\n<title>\u0130ptal ve \u0130ade - Vitamine Theraphy<\/title>\n<meta name=\"robots\" content=\"index, follow, max-snippet:-1, max-image-preview:large, max-video-preview:-1\" \/>\n<link rel=\"canonical\" href=\"https:\/\/vitaminetherapy.com\/en\/iptal-ve-iade-politikasi\/\" \/>\n<meta property=\"og:locale\" content=\"en_US\" \/>\n<meta property=\"og:type\" content=\"article\" \/>\n<meta property=\"og:title\" content=\"\u0130ptal ve \u0130ade - Vitamine Theraphy\" \/>\n<meta property=\"og:description\" content=\"\u0130ptal ve \u0130ade Politikas\u0131 Vitamine Therapy\u2019de y\u00fcksek kaliteli vitamin uygulama hizmetleri sunmay\u0131 taahh\u00fct ediyoruz. Ancak, al\u0131nan hizmetlerden memnun olunmad\u0131\u011f\u0131 zamanlar olabilece\u011fini anl\u0131yoruz.Ald\u0131\u011f\u0131n\u0131z vitamin uygulama hizmetlerinden memnun de\u011filseniz, endi\u015felerinizi g\u00f6r\u00fc\u015fmek i\u00e7in&hellip;\" \/>\n<meta property=\"og:url\" content=\"https:\/\/vitaminetherapy.com\/en\/iptal-ve-iade-politikasi\/\" \/>\n<meta property=\"og:site_name\" content=\"Vitamine Theraphy\" \/>\n<meta property=\"article:modified_time\" content=\"2024-02-22T21:29:27+00:00\" \/>\n<meta name=\"twitter:card\" content=\"summary_large_image\" \/>\n<meta name=\"twitter:label1\" content=\"Est. reading time\" \/>\n\t<meta name=\"twitter:data1\" content=\"1 minute\" \/>\n<script type=\"application\/ld+json\" class=\"yoast-schema-graph\">{\"@context\":\"https:\/\/schema.org\",\"@graph\":[{\"@type\":\"WebPage\",\"@id\":\"https:\/\/vitaminetherapy.com\/en\/iptal-ve-iade-politikasi\/\",\"url\":\"https:\/\/vitaminetherapy.com\/en\/iptal-ve-iade-politikasi\/\",\"name\":\"\u0130ptal ve \u0130ade - Vitamine Theraphy\",\"isPartOf\":{\"@id\":\"https:\/\/vitaminetherapy.com\/en\/#website\"},\"datePublished\":\"2020-08-27T08:23:10+00:00\",\"dateModified\":\"2024-02-22T21:29:27+00:00\",\"breadcrumb\":{\"@id\":\"https:\/\/vitaminetherapy.com\/en\/iptal-ve-iade-politikasi\/#breadcrumb\"},\"inLanguage\":\"en-US\",\"potentialAction\":[{\"@type\":\"ReadAction\",\"target\":[\"https:\/\/vitaminetherapy.com\/en\/iptal-ve-iade-politikasi\/\"]}]},{\"@type\":\"BreadcrumbList\",\"@id\":\"https:\/\/vitaminetherapy.com\/en\/iptal-ve-iade-politikasi\/#breadcrumb\",\"itemListElement\":[{\"@type\":\"ListItem\",\"position\":1,\"name\":\"Home\",\"item\":\"https:\/\/vitaminetherapy.com\/en\/\"},{\"@type\":\"ListItem\",\"position\":2,\"name\":\"\u0130ptal ve \u0130ade\"}]},{\"@type\":\"WebSite\",\"@id\":\"https:\/\/vitaminetherapy.com\/en\/#website\",\"url\":\"https:\/\/vitaminetherapy.com\/en\/\",\"name\":\"Vitamine Theraphy\",\"description\":\"Evde IV Vitamin Terapi Uygulamalar\u0131\",\"publisher\":{\"@id\":\"https:\/\/vitaminetherapy.com\/en\/#organization\"},\"potentialAction\":[{\"@type\":\"SearchAction\",\"target\":{\"@type\":\"EntryPoint\",\"urlTemplate\":\"https:\/\/vitaminetherapy.com\/en\/?s={search_term_string}\"},\"query-input\":{\"@type\":\"PropertyValueSpecification\",\"valueRequired\":true,\"valueName\":\"search_term_string\"}}],\"inLanguage\":\"en-US\"},{\"@type\":\"Organization\",\"@id\":\"https:\/\/vitaminetherapy.com\/en\/#organization\",\"name\":\"Vitamine Theraphy\",\"url\":\"https:\/\/vitaminetherapy.com\/en\/\",\"logo\":{\"@type\":\"ImageObject\",\"inLanguage\":\"en-US\",\"@id\":\"https:\/\/vitaminetherapy.com\/en\/#\/schema\/logo\/image\/\",\"url\":\"https:\/\/vitaminetherapy.com\/en\/wp-content\/uploads\/2024\/02\/vitamine-theraphy-logo-x.png\",\"contentUrl\":\"https:\/\/vitaminetherapy.com\/en\/wp-content\/uploads\/2024\/02\/vitamine-theraphy-logo-x.png\",\"width\":243,\"height\":46,\"caption\":\"Vitamine Theraphy\"},\"image\":{\"@id\":\"https:\/\/vitaminetherapy.com\/en\/#\/schema\/logo\/image\/\"}}]}<\/script>\n<!-- \/ Yoast SEO plugin. -->","yoast_head_json":{"title":"\u0130ptal ve \u0130ade - Vitamine Theraphy","robots":{"index":"index","follow":"follow","max-snippet":"max-snippet:-1","max-image-preview":"max-image-preview:large","max-video-preview":"max-video-preview:-1"},"canonical":"https:\/\/vitaminetherapy.com\/en\/iptal-ve-iade-politikasi\/","og_locale":"en_US","og_type":"article","og_title":"\u0130ptal ve \u0130ade - Vitamine Theraphy","og_description":"\u0130ptal ve \u0130ade Politikas\u0131 Vitamine Therapy\u2019de y\u00fcksek kaliteli vitamin uygulama hizmetleri sunmay\u0131 taahh\u00fct ediyoruz. Ancak, al\u0131nan hizmetlerden memnun olunmad\u0131\u011f\u0131 zamanlar olabilece\u011fini anl\u0131yoruz.Ald\u0131\u011f\u0131n\u0131z vitamin uygulama hizmetlerinden memnun de\u011filseniz, endi\u015felerinizi g\u00f6r\u00fc\u015fmek i\u00e7in&hellip;","og_url":"https:\/\/vitaminetherapy.com\/en\/iptal-ve-iade-politikasi\/","og_site_name":"Vitamine Theraphy","article_modified_time":"2024-02-22T21:29:27+00:00","twitter_card":"summary_large_image","twitter_misc":{"Est. reading time":"1 minute"},"schema":{"@context":"https:\/\/schema.org","@graph":[{"@type":"WebPage","@id":"https:\/\/vitaminetherapy.com\/en\/iptal-ve-iade-politikasi\/","url":"https:\/\/vitaminetherapy.com\/en\/iptal-ve-iade-politikasi\/","name":"\u0130ptal ve \u0130ade - Vitamine Theraphy","isPartOf":{"@id":"https:\/\/vitaminetherapy.com\/en\/#website"},"datePublished":"2020-08-27T08:23:10+00:00","dateModified":"2024-02-22T21:29:27+00:00","breadcrumb":{"@id":"https:\/\/vitaminetherapy.com\/en\/iptal-ve-iade-politikasi\/#breadcrumb"},"inLanguage":"en-US","potentialAction":[{"@type":"ReadAction","target":["https:\/\/vitaminetherapy.com\/en\/iptal-ve-iade-politikasi\/"]}]},{"@type":"BreadcrumbList","@id":"https:\/\/vitaminetherapy.com\/en\/iptal-ve-iade-politikasi\/#breadcrumb","itemListElement":[{"@type":"ListItem","position":1,"name":"Home","item":"https:\/\/vitaminetherapy.com\/en\/"},{"@type":"ListItem","position":2,"name":"\u0130ptal ve \u0130ade"}]},{"@type":"WebSite","@id":"https:\/\/vitaminetherapy.com\/en\/#website","url":"https:\/\/vitaminetherapy.com\/en\/","name":"Vitamine Theraphy","description":"Evde IV Vitamin Terapi Uygulamalar\u0131","publisher":{"@id":"https:\/\/vitaminetherapy.com\/en\/#organization"},"potentialAction":[{"@type":"SearchAction","target":{"@type":"EntryPoint","urlTemplate":"https:\/\/vitaminetherapy.com\/en\/?s={search_term_string}"},"query-input":{"@type":"PropertyValueSpecification","valueRequired":true,"valueName":"search_term_string"}}],"inLanguage":"en-US"},{"@type":"Organization","@id":"https:\/\/vitaminetherapy.com\/en\/#organization","name":"Vitamine Theraphy","url":"https:\/\/vitaminetherapy.com\/en\/","logo":{"@type":"ImageObject","inLanguage":"en-US","@id":"https:\/\/vitaminetherapy.com\/en\/#\/schema\/logo\/image\/","url":"https:\/\/vitaminetherapy.com\/en\/wp-content\/uploads\/2024\/02\/vitamine-theraphy-logo-x.png","contentUrl":"https:\/\/vitaminetherapy.com\/en\/wp-content\/uploads\/2024\/02\/vitamine-theraphy-logo-x.png","width":243,"height":46,"caption":"Vitamine Theraphy"},"image":{"@id":"https:\/\/vitaminetherapy.com\/en\/#\/schema\/logo\/image\/"}}]}},"_links":{"self":[{"href":"https:\/\/vitaminetherapy.com\/en\/wp-json\/wp\/v2\/pages\/12954"}],"collection":[{"href":"https:\/\/vitaminetherapy.com\/en\/wp-json\/wp\/v2\/pages"}],"about":[{"href":"https:\/\/vitaminetherapy.com\/en\/wp-json\/wp\/v2\/types\/page"}],"author":[{"embeddable":true,"href":"https:\/\/vitaminetherapy.com\/en\/wp-json\/wp\/v2\/users\/6"}],"replies":[{"embeddable":true,"href":"https:\/\/vitaminetherapy.com\/en\/wp-json\/wp\/v2\/comments?post=12954"}],"version-history":[{"count":4,"href":"https:\/\/vitaminetherapy.com\/en\/wp-json\/wp\/v2\/pages\/12954\/revisions"}],"predecessor-version":[{"id":26018,"href":"https:\/\/vitaminetherapy.com\/en\/wp-json\/wp\/v2\/pages\/12954\/revisions\/26018"}],"wp:attachment":[{"href":"https:\/\/vitaminetherapy.com\/en\/wp-json\/wp\/v2\/media?parent=12954"}],"curies":[{"name":"wp","href":"https:\/\/api.w.org\/{rel}","templated":true}]}}