{"id":26019,"date":"2024-02-22T21:31:14","date_gmt":"2024-02-22T21:31:14","guid":{"rendered":"https:\/\/vitaminetherapy.com\/en\/?page_id=26019"},"modified":"2024-02-22T21:38:47","modified_gmt":"2024-02-22T21:38:47","slug":"gizlilik-politikasi","status":"publish","type":"page","link":"https:\/\/vitaminetherapy.com\/en\/gizlilik-politikasi\/","title":{"rendered":"Gizlilik Politikas\u0131"},"content":{"rendered":"\t\t<div data-elementor-type=\"wp-page\" data-elementor-id=\"26019\" class=\"elementor elementor-26019\">\n\t\t\t\t\t\t<section class=\"elementor-section elementor-top-section elementor-element elementor-element-d1f3e40 elementor-section-boxed elementor-section-height-default elementor-section-height-default sc_fly_static\" data-id=\"d1f3e40\" data-element_type=\"section\" data-settings=\"{&quot;background_background&quot;:&quot;classic&quot;}\">\n\t\t\t\t\t\t<div class=\"elementor-container elementor-column-gap-extended\">\n\t\t\t\t\t<div class=\"elementor-column elementor-col-100 elementor-top-column elementor-element elementor-element-5386cf2 sc_inner_width_none sc_content_align_inherit sc_layouts_column_icons_position_left sc_fly_static\" data-id=\"5386cf2\" data-element_type=\"column\">\n\t\t\t<div class=\"elementor-widget-wrap elementor-element-populated\">\n\t\t\t\t\t\t<div class=\"elementor-element elementor-element-310e8f6 sc_fly_static elementor-widget elementor-widget-text-editor\" data-id=\"310e8f6\" data-element_type=\"widget\" data-widget_type=\"text-editor.default\">\n\t\t\t\t<div class=\"elementor-widget-container\">\n\t\t\t\t\t\t\t\t\t<h5>Gizlilik Politikas\u0131<\/h5><p>Vitamine Therapy\u2019de kendimizi hastalar\u0131m\u0131z\u0131n mahremiyetini korumaya adad\u0131k. Bizimle payla\u015ft\u0131\u011f\u0131n\u0131z ki\u015fisel ve t\u0131bbi bilgilerin son derece gizli oldu\u011funun fark\u0131nday\u0131z ve her zaman korunmas\u0131n\u0131 sa\u011flamak i\u00e7in b\u00fcy\u00fck \u00f6zen g\u00f6steriyoruz.<br \/>Bu gizlilik politikas\u0131, bizden sa\u011fl\u0131k hizmeti ald\u0131\u011f\u0131n\u0131zda ki\u015fisel ve t\u0131bbi bilgilerinizi nas\u0131l toplad\u0131\u011f\u0131m\u0131z\u0131, kulland\u0131\u011f\u0131m\u0131z\u0131 ve if\u015fa etti\u011fimizi a\u00e7\u0131klar. L\u00fctfen dikkatlice okuyunuz.<\/p><p><strong>Ki\u015fisel ve T\u0131bbi Verilerin Toplanmas\u0131<\/strong><\/p><p>Sizden a\u015fa\u011f\u0131daki ki\u015fisel ve t\u0131bbi bilgileri toplayabiliriz:<\/p><ul><li>Ad\u0131n\u0131z, adresiniz, telefon numaran\u0131z ve e-posta adresiniz gibi ki\u015fisel kimlik bilgileriniz<\/li><li>Mevcut ve ge\u00e7mi\u015f sa\u011fl\u0131k durumunuz, ila\u00e7lar\u0131n\u0131z, alerjileriniz ve a\u015f\u0131lar\u0131n\u0131z hakk\u0131nda bilgiler dahil olmak \u00fczere t\u0131bbi ge\u00e7mi\u015f<\/li><li>Sigorta sa\u011flay\u0131c\u0131n\u0131z ve poli\u00e7e numaran\u0131z dahil olmak \u00fczere sigorta bilgileri<\/li><li>Kredi kart\u0131 veya banka hesap bilgileriniz gibi \u00f6deme bilgileri<\/li><\/ul><p><strong>Bu bilgileri a\u015fa\u011f\u0131dakiler de dahil olmak \u00fczere \u00e7e\u015fitli \u015fekillerde toplayabiliriz:<\/strong><\/p><ul><li>Klini\u011fimizi veya hastanemizi ziyaret etti\u011finizde doldurdu\u011funuz formlar<\/li><li>Telefon g\u00f6r\u00fc\u015fmeleri, e-postalar veya y\u00fcz y\u00fcze ziyaretler gibi personelimizle olan ileti\u015fimler<\/li><li>Elektronik t\u0131bbi kay\u0131t sistemleri<\/li><li>Online rezervasyon veya randevu sistemleri<\/li><\/ul><p><strong>Ki\u015fisel ve T\u0131bbi Bilgilerin Kullan\u0131m\u0131<\/strong><\/p><p>Ki\u015fisel ve t\u0131bbi bilgilerinizi a\u015fa\u011f\u0131daki ama\u00e7lar i\u00e7in kullan\u0131yoruz:<\/p><ul><li>Size sa\u011fl\u0131k hizmeti sunmak i\u00e7in<br \/>Sizinle sa\u011fl\u0131k ve tedaviniz hakk\u0131nda ileti\u015fim kurmak i\u00e7in<\/li><li>Sa\u011fl\u0131k hizmetleri i\u00e7in fatura kesmek ve \u00f6deme almak<\/li><li>Halk sa\u011fl\u0131\u011f\u0131 yetkililerine bildirimde bulunmak veya sigorta \u015firketi gerekliliklerini yerine getirmek gibi yasal ve d\u00fczenleyici gerekliliklere uymak<\/li><\/ul><p><strong>Ki\u015fisel ve T\u0131bbi Bilgilerin \u0130f\u015fas\u0131<\/strong><\/p><p>Ki\u015fisel ve t\u0131bbi bilgilerinizi a\u015fa\u011f\u0131daki taraflara if\u015fa edebiliriz:<\/p><ul><li>M\u00fcmk\u00fcn olan en iyi bak\u0131m\u0131 alman\u0131z\u0131 sa\u011flamak i\u00e7in uzmanlar veya hastaneler gibi di\u011fer sa\u011fl\u0131k hizmeti sa\u011flay\u0131c\u0131lar\u0131<\/li><li>Sa\u011fl\u0131k hizmetleri i\u00e7in talep ve \u00f6demeleri i\u015flemek i\u00e7in sigorta \u015firketleri<\/li><li>Halk sa\u011fl\u0131\u011f\u0131 yetkilileri, yasal ve d\u00fczenleyici gerekliliklere uymak i\u00e7in<\/li><li>Yasan\u0131n gerektirdi\u011fi \u015fekilde veya bir mahkeme karar\u0131na cevaben kolluk kuvvetleri veya di\u011fer devlet kurumlar\u0131<\/li><\/ul><p><strong>Ki\u015fisel ve T\u0131bbi Bilgilerin Korunmas\u0131<\/strong><\/p><p>Ki\u015fisel ve t\u0131bbi bilgilerinizi yetkisiz eri\u015fim, kullan\u0131m veya if\u015fadan korumak i\u00e7in ad\u0131mlar at\u0131yoruz. Bu ad\u0131mlar, g\u00fcvenli sunucular, g\u00fcvenlik duvarlar\u0131 ve parola korumas\u0131 gibi fiziksel, elektronik ve y\u00f6netimsel korumalar\u0131 i\u00e7erir.<\/p><p><strong>Ki\u015fisel ve T\u0131bbi Verilerin Saklanmas\u0131<\/strong><\/p><p>Ki\u015fisel ve t\u0131bbi bilgilerinizi, bu gizlilik politikas\u0131nda belirtilen ama\u00e7lar\u0131 yerine getirmek i\u00e7in gerekli oldu\u011fu veya yasalar\u0131n gerektirdi\u011fi s\u00fcre boyunca saklayaca\u011f\u0131z.<\/p><p><strong>Ki\u015fisel ve T\u0131bbi Bilgilere Eri\u015fim<\/strong><\/p><p>Ki\u015fisel ve t\u0131bbi bilgilerinize istedi\u011finiz zaman eri\u015fme, bunlar\u0131 d\u00fczeltme veya g\u00fcncelleme hakk\u0131na sahipsiniz. Bunu yapmak i\u00e7in l\u00fctfen [ileti\u015fim bilgileri] adresinden bizimle ileti\u015fime ge\u00e7in.<\/p><p><strong>Gizlilik Politikas\u0131nda Yap\u0131lan De\u011fi\u015fiklikler<\/strong><\/p><p>Bu gizlilik politikas\u0131n\u0131 zaman zaman g\u00fcncelleyebiliriz. Ki\u015fisel ve t\u0131bbi bilgilerinizi nas\u0131l korudu\u011fumuz hakk\u0131nda bilgi sahibi olmak i\u00e7in d\u00fczenli olarak g\u00f6zden ge\u00e7irmenizi \u00f6neririz.<\/p>\t\t\t\t\t\t\t\t<\/div>\n\t\t\t\t<\/div>\n\t\t\t\t\t<\/div>\n\t\t<\/div>\n\t\t\t\t\t<\/div>\n\t\t<\/section>\n\t\t\t\t<\/div>\n\t\t","protected":false},"excerpt":{"rendered":"<p>Gizlilik Politikas\u0131 Vitamine Therapy\u2019de kendimizi hastalar\u0131m\u0131z\u0131n mahremiyetini korumaya adad\u0131k. Bizimle payla\u015ft\u0131\u011f\u0131n\u0131z ki\u015fisel ve t\u0131bbi bilgilerin son derece gizli oldu\u011funun fark\u0131nday\u0131z ve her zaman korunmas\u0131n\u0131 sa\u011flamak i\u00e7in b\u00fcy\u00fck \u00f6zen g\u00f6steriyoruz.Bu gizlilik&hellip;<\/p>\n","protected":false},"author":6,"featured_media":0,"parent":0,"menu_order":0,"comment_status":"closed","ping_status":"closed","template":"","meta":{"om_disable_all_campaigns":false,"_monsterinsights_skip_tracking":false,"_monsterinsights_sitenote_active":false,"_monsterinsights_sitenote_note":"","_monsterinsights_sitenote_category":0,"_joinchat":[],"footnotes":""},"class_list":["post-26019","page","type-page","status-publish","hentry"],"yoast_head":"<!-- This site is optimized with the Yoast SEO plugin v24.2 - https:\/\/yoast.com\/wordpress\/plugins\/seo\/ -->\n<title>Gizlilik Politikas\u0131 - Vitamine Theraphy<\/title>\n<meta name=\"robots\" content=\"index, follow, max-snippet:-1, max-image-preview:large, max-video-preview:-1\" \/>\n<link rel=\"canonical\" href=\"https:\/\/vitaminetherapy.com\/en\/gizlilik-politikasi\/\" \/>\n<meta property=\"og:locale\" content=\"en_US\" \/>\n<meta property=\"og:type\" content=\"article\" \/>\n<meta property=\"og:title\" content=\"Gizlilik Politikas\u0131 - Vitamine Theraphy\" \/>\n<meta property=\"og:description\" content=\"Gizlilik Politikas\u0131 Vitamine Therapy\u2019de kendimizi hastalar\u0131m\u0131z\u0131n mahremiyetini korumaya adad\u0131k. Bizimle payla\u015ft\u0131\u011f\u0131n\u0131z ki\u015fisel ve t\u0131bbi bilgilerin son derece gizli oldu\u011funun fark\u0131nday\u0131z ve her zaman korunmas\u0131n\u0131 sa\u011flamak i\u00e7in b\u00fcy\u00fck \u00f6zen g\u00f6steriyoruz.Bu gizlilik&hellip;\" \/>\n<meta property=\"og:url\" content=\"https:\/\/vitaminetherapy.com\/en\/gizlilik-politikasi\/\" \/>\n<meta property=\"og:site_name\" content=\"Vitamine Theraphy\" \/>\n<meta property=\"article:modified_time\" content=\"2024-02-22T21:38:47+00:00\" \/>\n<meta name=\"twitter:card\" content=\"summary_large_image\" \/>\n<meta name=\"twitter:label1\" content=\"Est. reading time\" \/>\n\t<meta name=\"twitter:data1\" content=\"3 minutes\" \/>\n<script type=\"application\/ld+json\" class=\"yoast-schema-graph\">{\"@context\":\"https:\/\/schema.org\",\"@graph\":[{\"@type\":\"WebPage\",\"@id\":\"https:\/\/vitaminetherapy.com\/en\/gizlilik-politikasi\/\",\"url\":\"https:\/\/vitaminetherapy.com\/en\/gizlilik-politikasi\/\",\"name\":\"Gizlilik Politikas\u0131 - Vitamine Theraphy\",\"isPartOf\":{\"@id\":\"https:\/\/vitaminetherapy.com\/en\/#website\"},\"datePublished\":\"2024-02-22T21:31:14+00:00\",\"dateModified\":\"2024-02-22T21:38:47+00:00\",\"breadcrumb\":{\"@id\":\"https:\/\/vitaminetherapy.com\/en\/gizlilik-politikasi\/#breadcrumb\"},\"inLanguage\":\"en-US\",\"potentialAction\":[{\"@type\":\"ReadAction\",\"target\":[\"https:\/\/vitaminetherapy.com\/en\/gizlilik-politikasi\/\"]}]},{\"@type\":\"BreadcrumbList\",\"@id\":\"https:\/\/vitaminetherapy.com\/en\/gizlilik-politikasi\/#breadcrumb\",\"itemListElement\":[{\"@type\":\"ListItem\",\"position\":1,\"name\":\"Home\",\"item\":\"https:\/\/vitaminetherapy.com\/en\/\"},{\"@type\":\"ListItem\",\"position\":2,\"name\":\"Gizlilik Politikas\u0131\"}]},{\"@type\":\"WebSite\",\"@id\":\"https:\/\/vitaminetherapy.com\/en\/#website\",\"url\":\"https:\/\/vitaminetherapy.com\/en\/\",\"name\":\"Vitamine Theraphy\",\"description\":\"Evde IV Vitamin Terapi Uygulamalar\u0131\",\"publisher\":{\"@id\":\"https:\/\/vitaminetherapy.com\/en\/#organization\"},\"potentialAction\":[{\"@type\":\"SearchAction\",\"target\":{\"@type\":\"EntryPoint\",\"urlTemplate\":\"https:\/\/vitaminetherapy.com\/en\/?s={search_term_string}\"},\"query-input\":{\"@type\":\"PropertyValueSpecification\",\"valueRequired\":true,\"valueName\":\"search_term_string\"}}],\"inLanguage\":\"en-US\"},{\"@type\":\"Organization\",\"@id\":\"https:\/\/vitaminetherapy.com\/en\/#organization\",\"name\":\"Vitamine Theraphy\",\"url\":\"https:\/\/vitaminetherapy.com\/en\/\",\"logo\":{\"@type\":\"ImageObject\",\"inLanguage\":\"en-US\",\"@id\":\"https:\/\/vitaminetherapy.com\/en\/#\/schema\/logo\/image\/\",\"url\":\"https:\/\/vitaminetherapy.com\/en\/wp-content\/uploads\/2024\/02\/vitamine-theraphy-logo-x.png\",\"contentUrl\":\"https:\/\/vitaminetherapy.com\/en\/wp-content\/uploads\/2024\/02\/vitamine-theraphy-logo-x.png\",\"width\":243,\"height\":46,\"caption\":\"Vitamine Theraphy\"},\"image\":{\"@id\":\"https:\/\/vitaminetherapy.com\/en\/#\/schema\/logo\/image\/\"}}]}<\/script>\n<!-- \/ Yoast SEO plugin. -->","yoast_head_json":{"title":"Gizlilik Politikas\u0131 - Vitamine Theraphy","robots":{"index":"index","follow":"follow","max-snippet":"max-snippet:-1","max-image-preview":"max-image-preview:large","max-video-preview":"max-video-preview:-1"},"canonical":"https:\/\/vitaminetherapy.com\/en\/gizlilik-politikasi\/","og_locale":"en_US","og_type":"article","og_title":"Gizlilik Politikas\u0131 - Vitamine Theraphy","og_description":"Gizlilik Politikas\u0131 Vitamine Therapy\u2019de kendimizi hastalar\u0131m\u0131z\u0131n mahremiyetini korumaya adad\u0131k. Bizimle payla\u015ft\u0131\u011f\u0131n\u0131z ki\u015fisel ve t\u0131bbi bilgilerin son derece gizli oldu\u011funun fark\u0131nday\u0131z ve her zaman korunmas\u0131n\u0131 sa\u011flamak i\u00e7in b\u00fcy\u00fck \u00f6zen g\u00f6steriyoruz.Bu gizlilik&hellip;","og_url":"https:\/\/vitaminetherapy.com\/en\/gizlilik-politikasi\/","og_site_name":"Vitamine Theraphy","article_modified_time":"2024-02-22T21:38:47+00:00","twitter_card":"summary_large_image","twitter_misc":{"Est. reading time":"3 minutes"},"schema":{"@context":"https:\/\/schema.org","@graph":[{"@type":"WebPage","@id":"https:\/\/vitaminetherapy.com\/en\/gizlilik-politikasi\/","url":"https:\/\/vitaminetherapy.com\/en\/gizlilik-politikasi\/","name":"Gizlilik Politikas\u0131 - Vitamine Theraphy","isPartOf":{"@id":"https:\/\/vitaminetherapy.com\/en\/#website"},"datePublished":"2024-02-22T21:31:14+00:00","dateModified":"2024-02-22T21:38:47+00:00","breadcrumb":{"@id":"https:\/\/vitaminetherapy.com\/en\/gizlilik-politikasi\/#breadcrumb"},"inLanguage":"en-US","potentialAction":[{"@type":"ReadAction","target":["https:\/\/vitaminetherapy.com\/en\/gizlilik-politikasi\/"]}]},{"@type":"BreadcrumbList","@id":"https:\/\/vitaminetherapy.com\/en\/gizlilik-politikasi\/#breadcrumb","itemListElement":[{"@type":"ListItem","position":1,"name":"Home","item":"https:\/\/vitaminetherapy.com\/en\/"},{"@type":"ListItem","position":2,"name":"Gizlilik Politikas\u0131"}]},{"@type":"WebSite","@id":"https:\/\/vitaminetherapy.com\/en\/#website","url":"https:\/\/vitaminetherapy.com\/en\/","name":"Vitamine Theraphy","description":"Evde IV Vitamin Terapi Uygulamalar\u0131","publisher":{"@id":"https:\/\/vitaminetherapy.com\/en\/#organization"},"potentialAction":[{"@type":"SearchAction","target":{"@type":"EntryPoint","urlTemplate":"https:\/\/vitaminetherapy.com\/en\/?s={search_term_string}"},"query-input":{"@type":"PropertyValueSpecification","valueRequired":true,"valueName":"search_term_string"}}],"inLanguage":"en-US"},{"@type":"Organization","@id":"https:\/\/vitaminetherapy.com\/en\/#organization","name":"Vitamine Theraphy","url":"https:\/\/vitaminetherapy.com\/en\/","logo":{"@type":"ImageObject","inLanguage":"en-US","@id":"https:\/\/vitaminetherapy.com\/en\/#\/schema\/logo\/image\/","url":"https:\/\/vitaminetherapy.com\/en\/wp-content\/uploads\/2024\/02\/vitamine-theraphy-logo-x.png","contentUrl":"https:\/\/vitaminetherapy.com\/en\/wp-content\/uploads\/2024\/02\/vitamine-theraphy-logo-x.png","width":243,"height":46,"caption":"Vitamine Theraphy"},"image":{"@id":"https:\/\/vitaminetherapy.com\/en\/#\/schema\/logo\/image\/"}}]}},"_links":{"self":[{"href":"https:\/\/vitaminetherapy.com\/en\/wp-json\/wp\/v2\/pages\/26019"}],"collection":[{"href":"https:\/\/vitaminetherapy.com\/en\/wp-json\/wp\/v2\/pages"}],"about":[{"href":"https:\/\/vitaminetherapy.com\/en\/wp-json\/wp\/v2\/types\/page"}],"author":[{"embeddable":true,"href":"https:\/\/vitaminetherapy.com\/en\/wp-json\/wp\/v2\/users\/6"}],"replies":[{"embeddable":true,"href":"https:\/\/vitaminetherapy.com\/en\/wp-json\/wp\/v2\/comments?post=26019"}],"version-history":[{"count":4,"href":"https:\/\/vitaminetherapy.com\/en\/wp-json\/wp\/v2\/pages\/26019\/revisions"}],"predecessor-version":[{"id":26023,"href":"https:\/\/vitaminetherapy.com\/en\/wp-json\/wp\/v2\/pages\/26019\/revisions\/26023"}],"wp:attachment":[{"href":"https:\/\/vitaminetherapy.com\/en\/wp-json\/wp\/v2\/media?parent=26019"}],"curies":[{"name":"wp","href":"https:\/\/api.w.org\/{rel}","templated":true}]}}