{"id":26024,"date":"2024-02-22T21:40:06","date_gmt":"2024-02-22T21:40:06","guid":{"rendered":"https:\/\/vitaminetherapy.com\/en\/?page_id=26024"},"modified":"2024-02-22T21:41:45","modified_gmt":"2024-02-22T21:41:45","slug":"mesafeli-satis-sozlesmesi","status":"publish","type":"page","link":"https:\/\/vitaminetherapy.com\/en\/mesafeli-satis-sozlesmesi\/","title":{"rendered":"Mesafeli Sat\u0131\u015f S\u00f6zle\u015fmesi"},"content":{"rendered":"\t\t<div data-elementor-type=\"wp-page\" data-elementor-id=\"26024\" class=\"elementor elementor-26024\">\n\t\t\t\t\t\t<section class=\"elementor-section elementor-top-section elementor-element elementor-element-6ce6feb elementor-section-boxed elementor-section-height-default elementor-section-height-default sc_fly_static\" data-id=\"6ce6feb\" data-element_type=\"section\" data-settings=\"{&quot;background_background&quot;:&quot;classic&quot;}\">\n\t\t\t\t\t\t<div class=\"elementor-container elementor-column-gap-extended\">\n\t\t\t\t\t<div class=\"elementor-column elementor-col-100 elementor-top-column elementor-element elementor-element-3cb98a8 sc_inner_width_none sc_content_align_inherit sc_layouts_column_icons_position_left sc_fly_static\" data-id=\"3cb98a8\" data-element_type=\"column\">\n\t\t\t<div class=\"elementor-widget-wrap elementor-element-populated\">\n\t\t\t\t\t\t<div class=\"elementor-element elementor-element-d72cdd0 sc_fly_static elementor-widget elementor-widget-text-editor\" data-id=\"d72cdd0\" data-element_type=\"widget\" data-widget_type=\"text-editor.default\">\n\t\t\t\t<div class=\"elementor-widget-container\">\n\t\t\t\t\t\t\t\t\t<h5>Mesafeli Sat\u0131\u015f S\u00f6zle\u015fmesi<\/h5><p>Bu Uzaktan Sat\u0131\u015f S\u00f6zle\u015fmesi ( \u201cS\u00f6zle\u015fme\u201d), 01.01.2023 tarihinde, [Kozyata\u011f\u0131 Mah. De\u011firmen Sok. Ar Plaza E Blok Kat: 2 Kad\u0131k\u00f6y \/ \u0130STANBUL] adresine sahip bir \u015firket olan \u0130va Sa\u011fl\u0131k ve Bilgi Teknolojileri A.\u015e. (\u201cSat\u0131c\u0131\u201d) ile [Al\u0131c\u0131] adl\u0131 bir birey aras\u0131nda akdedilmi\u015ftir. Sat\u0131c\u0131, https:\/\/vitaminetherapy.com\/en ( \u201cWeb Sitesi\u201d ) adresinde bir \u00e7evrimi\u00e7i ma\u011faza i\u015fletmektedir.<\/p><p>Taraflar. Bu S\u00f6zle\u015fme\u2019nin taraflar\u0131 yukar\u0131da belirtilen sat\u0131c\u0131 ve al\u0131c\u0131d\u0131r.<br \/>Mal Sat\u0131n Al\u0131m\u0131. Al\u0131c\u0131, Web Sitesi arac\u0131l\u0131\u011f\u0131yla a\u015fa\u011f\u0131daki mallar\u0131 ( \u201cMal\u201d ) sat\u0131n alm\u0131\u015ft\u0131r.<br \/>Fiyat. Mal i\u00e7in toplam sat\u0131n alma fiyat\u0131 [fiyat] \u2018d\u0131r.<br \/>\u00d6deme. Al\u0131c\u0131, Mal\u2019\u0131n sat\u0131n alma fiyat\u0131n\u0131 [\u00f6deme y\u00f6ntemi, \u00f6rne\u011fin kredi kart\u0131, PayPal] ile \u00f6demeyi kabul eder.<br \/>Teslimat. Sat\u0131c\u0131, \u00f6deme al\u0131nd\u0131ktan sonra [zaman \u00e7er\u00e7evesi] i\u00e7inde al\u0131c\u0131 taraf\u0131ndan sa\u011flanan teslimat adresine Mal\u2019\u0131 teslim etmeyi kabul eder.<br \/>Al\u0131c\u0131, ge\u00e7erli ve do\u011fru bir teslimat adresi sa\u011flamaktan sorumludur.<br \/>Kay\u0131p Riski. Mal\u2019\u0131n kayb\u0131 veya hasar riski, al\u0131c\u0131ya sa\u011flanan teslimat adresine teslim edildi\u011finde al\u0131c\u0131ya ge\u00e7er.<br \/>Garanti. Sat\u0131c\u0131, Mal\u2019\u0131n teslim tarihinden itibaren [zaman \u00e7er\u00e7evesi] boyunca malzeme ve i\u015f\u00e7ilik kusurlar\u0131ndan ar\u0131nd\u0131r\u0131laca\u011f\u0131n\u0131 garanti eder. E\u011fer Mal bu s\u00fcre i\u00e7inde kusurlu bulunursa, sat\u0131c\u0131 se\u00e7imine ba\u011fl\u0131 olarak Mal\u2019\u0131 tamir edecek, Mal\u2019\u0131 de\u011fi\u015ftirecek veya sat\u0131n alma fiyat\u0131n\u0131 iade edecektir.<br \/>\u0130ade ve \u0130ade Politikas\u0131. Al\u0131c\u0131, Mal\u2019la memnun kalmazsa, Mal\u2019\u0131 teslim tarihinden itibaren [15 g\u00fcn] i\u00e7inde tam sat\u0131n alma fiyat\u0131 iadesi i\u00e7in iade edebilir.<br \/>Al\u0131c\u0131, iade nakliyesinin maliyetinden sorumludur. Uygulanacak Hukuk. Bu S\u00f6zle\u015fme, [T\u00fcrkiye] Devleti yasalar\u0131na g\u00f6re y\u00fcr\u00fcrl\u00fck kazan\u0131r ve yorumlan\u0131r.<br \/>TARAFLAR<\/p><p>i\u015fbu S\u00f6zle\u015fme\u2019yi yukar\u0131da belirtilen tarihte imzalam\u0131\u015flard\u0131r.<\/p><p>[Sat\u0131c\u0131]<\/p><p>[Al\u0131c\u0131]<\/p>\t\t\t\t\t\t\t\t<\/div>\n\t\t\t\t<\/div>\n\t\t\t\t\t<\/div>\n\t\t<\/div>\n\t\t\t\t\t<\/div>\n\t\t<\/section>\n\t\t\t\t<\/div>\n\t\t","protected":false},"excerpt":{"rendered":"<p>Mesafeli Sat\u0131\u015f S\u00f6zle\u015fmesi Bu Uzaktan Sat\u0131\u015f S\u00f6zle\u015fmesi ( \u201cS\u00f6zle\u015fme\u201d), 01.01.2023 tarihinde, [Kozyata\u011f\u0131 Mah. De\u011firmen Sok. Ar Plaza E Blok Kat: 2 Kad\u0131k\u00f6y \/ \u0130STANBUL] adresine sahip bir \u015firket olan \u0130va&hellip;<\/p>\n","protected":false},"author":6,"featured_media":0,"parent":0,"menu_order":0,"comment_status":"closed","ping_status":"closed","template":"","meta":{"om_disable_all_campaigns":false,"_monsterinsights_skip_tracking":false,"_monsterinsights_sitenote_active":false,"_monsterinsights_sitenote_note":"","_monsterinsights_sitenote_category":0,"_joinchat":[],"footnotes":""},"class_list":["post-26024","page","type-page","status-publish","hentry"],"yoast_head":"<!-- This site is optimized with the Yoast SEO plugin v24.2 - https:\/\/yoast.com\/wordpress\/plugins\/seo\/ -->\n<title>Mesafeli Sat\u0131\u015f S\u00f6zle\u015fmesi - Vitamine Theraphy<\/title>\n<meta name=\"robots\" content=\"index, follow, max-snippet:-1, max-image-preview:large, max-video-preview:-1\" \/>\n<link rel=\"canonical\" href=\"https:\/\/vitaminetherapy.com\/en\/mesafeli-satis-sozlesmesi\/\" \/>\n<meta property=\"og:locale\" content=\"en_US\" \/>\n<meta property=\"og:type\" content=\"article\" \/>\n<meta property=\"og:title\" content=\"Mesafeli Sat\u0131\u015f S\u00f6zle\u015fmesi - Vitamine Theraphy\" \/>\n<meta property=\"og:description\" content=\"Mesafeli Sat\u0131\u015f S\u00f6zle\u015fmesi Bu Uzaktan Sat\u0131\u015f S\u00f6zle\u015fmesi ( \u201cS\u00f6zle\u015fme\u201d), 01.01.2023 tarihinde, [Kozyata\u011f\u0131 Mah. De\u011firmen Sok. Ar Plaza E Blok Kat: 2 Kad\u0131k\u00f6y \/ \u0130STANBUL] adresine sahip bir \u015firket olan \u0130va&hellip;\" \/>\n<meta property=\"og:url\" content=\"https:\/\/vitaminetherapy.com\/en\/mesafeli-satis-sozlesmesi\/\" \/>\n<meta property=\"og:site_name\" content=\"Vitamine Theraphy\" \/>\n<meta property=\"article:modified_time\" content=\"2024-02-22T21:41:45+00:00\" \/>\n<meta name=\"twitter:card\" content=\"summary_large_image\" \/>\n<meta name=\"twitter:label1\" content=\"Est. reading time\" \/>\n\t<meta name=\"twitter:data1\" content=\"2 minutes\" \/>\n<script type=\"application\/ld+json\" class=\"yoast-schema-graph\">{\"@context\":\"https:\/\/schema.org\",\"@graph\":[{\"@type\":\"WebPage\",\"@id\":\"https:\/\/vitaminetherapy.com\/en\/mesafeli-satis-sozlesmesi\/\",\"url\":\"https:\/\/vitaminetherapy.com\/en\/mesafeli-satis-sozlesmesi\/\",\"name\":\"Mesafeli Sat\u0131\u015f S\u00f6zle\u015fmesi - Vitamine Theraphy\",\"isPartOf\":{\"@id\":\"https:\/\/vitaminetherapy.com\/en\/#website\"},\"datePublished\":\"2024-02-22T21:40:06+00:00\",\"dateModified\":\"2024-02-22T21:41:45+00:00\",\"breadcrumb\":{\"@id\":\"https:\/\/vitaminetherapy.com\/en\/mesafeli-satis-sozlesmesi\/#breadcrumb\"},\"inLanguage\":\"en-US\",\"potentialAction\":[{\"@type\":\"ReadAction\",\"target\":[\"https:\/\/vitaminetherapy.com\/en\/mesafeli-satis-sozlesmesi\/\"]}]},{\"@type\":\"BreadcrumbList\",\"@id\":\"https:\/\/vitaminetherapy.com\/en\/mesafeli-satis-sozlesmesi\/#breadcrumb\",\"itemListElement\":[{\"@type\":\"ListItem\",\"position\":1,\"name\":\"Home\",\"item\":\"https:\/\/vitaminetherapy.com\/en\/\"},{\"@type\":\"ListItem\",\"position\":2,\"name\":\"Mesafeli Sat\u0131\u015f S\u00f6zle\u015fmesi\"}]},{\"@type\":\"WebSite\",\"@id\":\"https:\/\/vitaminetherapy.com\/en\/#website\",\"url\":\"https:\/\/vitaminetherapy.com\/en\/\",\"name\":\"Vitamine Theraphy\",\"description\":\"Evde IV Vitamin Terapi Uygulamalar\u0131\",\"publisher\":{\"@id\":\"https:\/\/vitaminetherapy.com\/en\/#organization\"},\"potentialAction\":[{\"@type\":\"SearchAction\",\"target\":{\"@type\":\"EntryPoint\",\"urlTemplate\":\"https:\/\/vitaminetherapy.com\/en\/?s={search_term_string}\"},\"query-input\":{\"@type\":\"PropertyValueSpecification\",\"valueRequired\":true,\"valueName\":\"search_term_string\"}}],\"inLanguage\":\"en-US\"},{\"@type\":\"Organization\",\"@id\":\"https:\/\/vitaminetherapy.com\/en\/#organization\",\"name\":\"Vitamine Theraphy\",\"url\":\"https:\/\/vitaminetherapy.com\/en\/\",\"logo\":{\"@type\":\"ImageObject\",\"inLanguage\":\"en-US\",\"@id\":\"https:\/\/vitaminetherapy.com\/en\/#\/schema\/logo\/image\/\",\"url\":\"https:\/\/vitaminetherapy.com\/en\/wp-content\/uploads\/2024\/02\/vitamine-theraphy-logo-x.png\",\"contentUrl\":\"https:\/\/vitaminetherapy.com\/en\/wp-content\/uploads\/2024\/02\/vitamine-theraphy-logo-x.png\",\"width\":243,\"height\":46,\"caption\":\"Vitamine Theraphy\"},\"image\":{\"@id\":\"https:\/\/vitaminetherapy.com\/en\/#\/schema\/logo\/image\/\"}}]}<\/script>\n<!-- \/ Yoast SEO plugin. -->","yoast_head_json":{"title":"Mesafeli Sat\u0131\u015f S\u00f6zle\u015fmesi - Vitamine Theraphy","robots":{"index":"index","follow":"follow","max-snippet":"max-snippet:-1","max-image-preview":"max-image-preview:large","max-video-preview":"max-video-preview:-1"},"canonical":"https:\/\/vitaminetherapy.com\/en\/mesafeli-satis-sozlesmesi\/","og_locale":"en_US","og_type":"article","og_title":"Mesafeli Sat\u0131\u015f S\u00f6zle\u015fmesi - Vitamine Theraphy","og_description":"Mesafeli Sat\u0131\u015f S\u00f6zle\u015fmesi Bu Uzaktan Sat\u0131\u015f S\u00f6zle\u015fmesi ( \u201cS\u00f6zle\u015fme\u201d), 01.01.2023 tarihinde, [Kozyata\u011f\u0131 Mah. De\u011firmen Sok. Ar Plaza E Blok Kat: 2 Kad\u0131k\u00f6y \/ \u0130STANBUL] adresine sahip bir \u015firket olan \u0130va&hellip;","og_url":"https:\/\/vitaminetherapy.com\/en\/mesafeli-satis-sozlesmesi\/","og_site_name":"Vitamine Theraphy","article_modified_time":"2024-02-22T21:41:45+00:00","twitter_card":"summary_large_image","twitter_misc":{"Est. reading time":"2 minutes"},"schema":{"@context":"https:\/\/schema.org","@graph":[{"@type":"WebPage","@id":"https:\/\/vitaminetherapy.com\/en\/mesafeli-satis-sozlesmesi\/","url":"https:\/\/vitaminetherapy.com\/en\/mesafeli-satis-sozlesmesi\/","name":"Mesafeli Sat\u0131\u015f S\u00f6zle\u015fmesi - Vitamine Theraphy","isPartOf":{"@id":"https:\/\/vitaminetherapy.com\/en\/#website"},"datePublished":"2024-02-22T21:40:06+00:00","dateModified":"2024-02-22T21:41:45+00:00","breadcrumb":{"@id":"https:\/\/vitaminetherapy.com\/en\/mesafeli-satis-sozlesmesi\/#breadcrumb"},"inLanguage":"en-US","potentialAction":[{"@type":"ReadAction","target":["https:\/\/vitaminetherapy.com\/en\/mesafeli-satis-sozlesmesi\/"]}]},{"@type":"BreadcrumbList","@id":"https:\/\/vitaminetherapy.com\/en\/mesafeli-satis-sozlesmesi\/#breadcrumb","itemListElement":[{"@type":"ListItem","position":1,"name":"Home","item":"https:\/\/vitaminetherapy.com\/en\/"},{"@type":"ListItem","position":2,"name":"Mesafeli Sat\u0131\u015f S\u00f6zle\u015fmesi"}]},{"@type":"WebSite","@id":"https:\/\/vitaminetherapy.com\/en\/#website","url":"https:\/\/vitaminetherapy.com\/en\/","name":"Vitamine Theraphy","description":"Evde IV Vitamin Terapi Uygulamalar\u0131","publisher":{"@id":"https:\/\/vitaminetherapy.com\/en\/#organization"},"potentialAction":[{"@type":"SearchAction","target":{"@type":"EntryPoint","urlTemplate":"https:\/\/vitaminetherapy.com\/en\/?s={search_term_string}"},"query-input":{"@type":"PropertyValueSpecification","valueRequired":true,"valueName":"search_term_string"}}],"inLanguage":"en-US"},{"@type":"Organization","@id":"https:\/\/vitaminetherapy.com\/en\/#organization","name":"Vitamine Theraphy","url":"https:\/\/vitaminetherapy.com\/en\/","logo":{"@type":"ImageObject","inLanguage":"en-US","@id":"https:\/\/vitaminetherapy.com\/en\/#\/schema\/logo\/image\/","url":"https:\/\/vitaminetherapy.com\/en\/wp-content\/uploads\/2024\/02\/vitamine-theraphy-logo-x.png","contentUrl":"https:\/\/vitaminetherapy.com\/en\/wp-content\/uploads\/2024\/02\/vitamine-theraphy-logo-x.png","width":243,"height":46,"caption":"Vitamine Theraphy"},"image":{"@id":"https:\/\/vitaminetherapy.com\/en\/#\/schema\/logo\/image\/"}}]}},"_links":{"self":[{"href":"https:\/\/vitaminetherapy.com\/en\/wp-json\/wp\/v2\/pages\/26024"}],"collection":[{"href":"https:\/\/vitaminetherapy.com\/en\/wp-json\/wp\/v2\/pages"}],"about":[{"href":"https:\/\/vitaminetherapy.com\/en\/wp-json\/wp\/v2\/types\/page"}],"author":[{"embeddable":true,"href":"https:\/\/vitaminetherapy.com\/en\/wp-json\/wp\/v2\/users\/6"}],"replies":[{"embeddable":true,"href":"https:\/\/vitaminetherapy.com\/en\/wp-json\/wp\/v2\/comments?post=26024"}],"version-history":[{"count":4,"href":"https:\/\/vitaminetherapy.com\/en\/wp-json\/wp\/v2\/pages\/26024\/revisions"}],"predecessor-version":[{"id":26028,"href":"https:\/\/vitaminetherapy.com\/en\/wp-json\/wp\/v2\/pages\/26024\/revisions\/26028"}],"wp:attachment":[{"href":"https:\/\/vitaminetherapy.com\/en\/wp-json\/wp\/v2\/media?parent=26024"}],"curies":[{"name":"wp","href":"https:\/\/api.w.org\/{rel}","templated":true}]}}