{"id":26029,"date":"2024-02-22T21:43:45","date_gmt":"2024-02-22T21:43:45","guid":{"rendered":"https:\/\/vitaminetherapy.com\/en\/?page_id=26029"},"modified":"2024-02-22T21:45:14","modified_gmt":"2024-02-22T21:45:14","slug":"sartlar-ve-kosullar","status":"publish","type":"page","link":"https:\/\/vitaminetherapy.com\/en\/sartlar-ve-kosullar\/","title":{"rendered":"\u015eartlar ve Ko\u015fullar"},"content":{"rendered":"\t\t<div data-elementor-type=\"wp-page\" data-elementor-id=\"26029\" class=\"elementor elementor-26029\">\n\t\t\t\t\t\t<section class=\"elementor-section elementor-top-section elementor-element elementor-element-e542b8b elementor-section-boxed elementor-section-height-default elementor-section-height-default sc_fly_static\" data-id=\"e542b8b\" data-element_type=\"section\" data-settings=\"{&quot;background_background&quot;:&quot;classic&quot;}\">\n\t\t\t\t\t\t<div class=\"elementor-container elementor-column-gap-extended\">\n\t\t\t\t\t<div class=\"elementor-column elementor-col-100 elementor-top-column elementor-element elementor-element-654dfdf sc_inner_width_none sc_content_align_inherit sc_layouts_column_icons_position_left sc_fly_static\" data-id=\"654dfdf\" data-element_type=\"column\">\n\t\t\t<div class=\"elementor-widget-wrap elementor-element-populated\">\n\t\t\t\t\t\t<div class=\"elementor-element elementor-element-31d5296 sc_fly_static elementor-widget elementor-widget-text-editor\" data-id=\"31d5296\" data-element_type=\"widget\" data-widget_type=\"text-editor.default\">\n\t\t\t\t<div class=\"elementor-widget-container\">\n\t\t\t\t\t\t\t\t\t<h5>\u015eartlar ve Ko\u015fullar<\/h5><p>Bu Web Sitesi \u015eartlar\u0131 ve Ko\u015fullar\u0131 (\u201c\u015eartlar\u201d), https:\/\/vitaminetherapy.com\/en (\u201cWeb Sitesi\u201d) adresinde bulunan Vitamine Therapy web sitesi i\u00e7in ge\u00e7erlidir. Web Sitesi\u2019ne eri\u015ferek ve kullanarak, bu \u015eartlara ba\u011fl\u0131 oldu\u011funuzu kabul etmi\u015f olursunuz. Bu \u015eartlara uymuyorsan\u0131z, l\u00fctfen Web Sitesi\u2019ni kullanmay\u0131n.<\/p><p>WEB S\u0130TES\u0130NE ER\u0130\u015e\u0130M<br \/>Web Sitesi\u2019ni, kendi takdirimize ve bildirim yapmaks\u0131z\u0131n geri \u00e7ekme veya de\u011fi\u015ftirme hakk\u0131m\u0131z sakl\u0131d\u0131r. Herhangi bir nedenle Web Sitesi herhangi bir zamanda veya herhangi bir s\u00fcre i\u00e7in kullan\u0131lamazsa, sorumlu tutulmay\u0131z.<\/p><p>ZAMAN ZAMAN, KAYITLI KULLANICILAR DAH\u0130L OLMAYAN KULLANICILARA, WEB S\u0130TES\u0130N\u0130N BAZI B\u00d6L\u00dcMLER\u0130NE VEYA T\u00dcM WEB S\u0130TES\u0130NE ER\u0130\u015e\u0130M\u0130 KISITLAYAB\u0130L\u0130R\u0130Z. F\u0130KR\u0130 M\u00dcLK\u0130YET HAKLARI<br \/>Web Sitesi\u2019nde yer alan materyallerdeki fikri m\u00fclkiyet haklar\u0131, metin, grafik, yaz\u0131l\u0131m, foto\u011fraf, video ve ses dahil olmak \u00fczere, Vitamine Therapy veya lisans verenlerimize aittir. Bu haklar d\u00fcnya genelindeki telif haklar\u0131 ve di\u011fer fikri m\u00fclkiyet kanunlar\u0131 ile korunmaktad\u0131r. T\u00fcm haklar sakl\u0131d\u0131r. Ki\u015fisel referans\u0131n\u0131z i\u00e7in Web Sitesi\u2019ndeki herhangi bir sayfan\u0131n bir kopyas\u0131n\u0131 \u00e7\u0131karabilir ve \u00f6rg\u00fct\u00fcn\u00fczdeki di\u011fer ki\u015filerin dikkatini Web Sitesi\u2019nde yay\u0131nlanan materyallere \u00e7ekebilirsiniz. Bask\u0131 veya dijital olarak \u00e7\u0131kard\u0131\u011f\u0131n\u0131z materyallerin herhangi bir \u015fekilde de\u011fi\u015ftirilmemesi ve herhangi bir resim, foto\u011fraf, video veya ses dizisi veya herhangi bir grafik, yan\u0131ndaki metinden ayr\u0131 olarak kullan\u0131lmamas\u0131 gerekmektedir. Web Sitesi\u2019ndeki materyallerin yazarlar\u0131 olarak bizim (ve tan\u0131mlanm\u0131\u015f katk\u0131da bulunanlar\u0131n) durumumuz her zaman kabul edilmelidir. Web Sitesi\u2019ndeki materyallerin herhangi bir b\u00f6l\u00fcm\u00fcn\u00fc, lisans verenlerimizden bir lisans almaks\u0131z\u0131n ticari ama\u00e7lar i\u00e7in kullanamazs\u0131n\u0131z. Bu kullan\u0131m ko\u015fullar\u0131na ayk\u0131r\u0131 olarak Web Sitesi\u2019nin herhangi bir b\u00f6l\u00fcm\u00fcn\u00fc bask\u0131 al\u0131r, kopyalarsan\u0131z veya indirirseniz, Web Sitesi\u2019ni kullanma hakk\u0131n\u0131z derhal sona erecek ve yapt\u0131\u011f\u0131n\u0131z materyal kopyalar\u0131n\u0131 iade etmeniz veya yok etmeniz gerekecektir.<\/p><p>SORUMLULUK SINIRLAMASI<br \/>Websitesinde bulunan bilgiler yaln\u0131zca genel bilgi ama\u00e7l\u0131d\u0131r. Bilgiler Vitamine Therapy taraf\u0131ndan sa\u011flanmakta olup, bilgilerin g\u00fcncel ve do\u011fru olmas\u0131 i\u00e7in \u00e7aba sarf etsek de, herhangi bir t\u00fcrde, a\u00e7\u0131k ya da z\u0131mni, temsil veya garanti vermedi\u011fimizi belirtmek isteriz.<\/p>\t\t\t\t\t\t\t\t<\/div>\n\t\t\t\t<\/div>\n\t\t\t\t\t<\/div>\n\t\t<\/div>\n\t\t\t\t\t<\/div>\n\t\t<\/section>\n\t\t\t\t<\/div>\n\t\t","protected":false},"excerpt":{"rendered":"<p>\u015eartlar ve Ko\u015fullar Bu Web Sitesi \u015eartlar\u0131 ve Ko\u015fullar\u0131 (\u201c\u015eartlar\u201d), https:\/\/vitaminetherapy.com\/en (\u201cWeb Sitesi\u201d) adresinde bulunan Vitamine Therapy web sitesi i\u00e7in ge\u00e7erlidir. Web Sitesi\u2019ne eri\u015ferek ve kullanarak, bu \u015eartlara ba\u011fl\u0131 oldu\u011funuzu&hellip;<\/p>\n","protected":false},"author":6,"featured_media":0,"parent":0,"menu_order":0,"comment_status":"closed","ping_status":"closed","template":"","meta":{"om_disable_all_campaigns":false,"_monsterinsights_skip_tracking":false,"_monsterinsights_sitenote_active":false,"_monsterinsights_sitenote_note":"","_monsterinsights_sitenote_category":0,"_joinchat":[],"footnotes":""},"class_list":["post-26029","page","type-page","status-publish","hentry"],"yoast_head":"<!-- This site is optimized with the Yoast SEO plugin v24.2 - https:\/\/yoast.com\/wordpress\/plugins\/seo\/ -->\n<title>\u015eartlar ve Ko\u015fullar - Vitamine Theraphy<\/title>\n<meta name=\"robots\" content=\"index, follow, max-snippet:-1, max-image-preview:large, max-video-preview:-1\" \/>\n<link rel=\"canonical\" href=\"https:\/\/vitaminetherapy.com\/en\/sartlar-ve-kosullar\/\" \/>\n<meta property=\"og:locale\" content=\"en_US\" \/>\n<meta property=\"og:type\" content=\"article\" \/>\n<meta property=\"og:title\" content=\"\u015eartlar ve Ko\u015fullar - Vitamine Theraphy\" \/>\n<meta property=\"og:description\" content=\"\u015eartlar ve Ko\u015fullar Bu Web Sitesi \u015eartlar\u0131 ve Ko\u015fullar\u0131 (\u201c\u015eartlar\u201d), https:\/\/vitaminetherapy.com\/en (\u201cWeb Sitesi\u201d) adresinde bulunan Vitamine Therapy web sitesi i\u00e7in ge\u00e7erlidir. Web Sitesi\u2019ne eri\u015ferek ve kullanarak, bu \u015eartlara ba\u011fl\u0131 oldu\u011funuzu&hellip;\" \/>\n<meta property=\"og:url\" content=\"https:\/\/vitaminetherapy.com\/en\/sartlar-ve-kosullar\/\" \/>\n<meta property=\"og:site_name\" content=\"Vitamine Theraphy\" \/>\n<meta property=\"article:modified_time\" content=\"2024-02-22T21:45:14+00:00\" \/>\n<meta name=\"twitter:card\" content=\"summary_large_image\" \/>\n<meta name=\"twitter:label1\" content=\"Est. reading time\" \/>\n\t<meta name=\"twitter:data1\" content=\"2 minutes\" \/>\n<script type=\"application\/ld+json\" class=\"yoast-schema-graph\">{\"@context\":\"https:\/\/schema.org\",\"@graph\":[{\"@type\":\"WebPage\",\"@id\":\"https:\/\/vitaminetherapy.com\/en\/sartlar-ve-kosullar\/\",\"url\":\"https:\/\/vitaminetherapy.com\/en\/sartlar-ve-kosullar\/\",\"name\":\"\u015eartlar ve Ko\u015fullar - Vitamine Theraphy\",\"isPartOf\":{\"@id\":\"https:\/\/vitaminetherapy.com\/en\/#website\"},\"datePublished\":\"2024-02-22T21:43:45+00:00\",\"dateModified\":\"2024-02-22T21:45:14+00:00\",\"breadcrumb\":{\"@id\":\"https:\/\/vitaminetherapy.com\/en\/sartlar-ve-kosullar\/#breadcrumb\"},\"inLanguage\":\"en-US\",\"potentialAction\":[{\"@type\":\"ReadAction\",\"target\":[\"https:\/\/vitaminetherapy.com\/en\/sartlar-ve-kosullar\/\"]}]},{\"@type\":\"BreadcrumbList\",\"@id\":\"https:\/\/vitaminetherapy.com\/en\/sartlar-ve-kosullar\/#breadcrumb\",\"itemListElement\":[{\"@type\":\"ListItem\",\"position\":1,\"name\":\"Home\",\"item\":\"https:\/\/vitaminetherapy.com\/en\/\"},{\"@type\":\"ListItem\",\"position\":2,\"name\":\"\u015eartlar ve Ko\u015fullar\"}]},{\"@type\":\"WebSite\",\"@id\":\"https:\/\/vitaminetherapy.com\/en\/#website\",\"url\":\"https:\/\/vitaminetherapy.com\/en\/\",\"name\":\"Vitamine Theraphy\",\"description\":\"Evde IV Vitamin Terapi Uygulamalar\u0131\",\"publisher\":{\"@id\":\"https:\/\/vitaminetherapy.com\/en\/#organization\"},\"potentialAction\":[{\"@type\":\"SearchAction\",\"target\":{\"@type\":\"EntryPoint\",\"urlTemplate\":\"https:\/\/vitaminetherapy.com\/en\/?s={search_term_string}\"},\"query-input\":{\"@type\":\"PropertyValueSpecification\",\"valueRequired\":true,\"valueName\":\"search_term_string\"}}],\"inLanguage\":\"en-US\"},{\"@type\":\"Organization\",\"@id\":\"https:\/\/vitaminetherapy.com\/en\/#organization\",\"name\":\"Vitamine Theraphy\",\"url\":\"https:\/\/vitaminetherapy.com\/en\/\",\"logo\":{\"@type\":\"ImageObject\",\"inLanguage\":\"en-US\",\"@id\":\"https:\/\/vitaminetherapy.com\/en\/#\/schema\/logo\/image\/\",\"url\":\"https:\/\/vitaminetherapy.com\/en\/wp-content\/uploads\/2024\/02\/vitamine-theraphy-logo-x.png\",\"contentUrl\":\"https:\/\/vitaminetherapy.com\/en\/wp-content\/uploads\/2024\/02\/vitamine-theraphy-logo-x.png\",\"width\":243,\"height\":46,\"caption\":\"Vitamine Theraphy\"},\"image\":{\"@id\":\"https:\/\/vitaminetherapy.com\/en\/#\/schema\/logo\/image\/\"}}]}<\/script>\n<!-- \/ Yoast SEO plugin. -->","yoast_head_json":{"title":"\u015eartlar ve Ko\u015fullar - Vitamine Theraphy","robots":{"index":"index","follow":"follow","max-snippet":"max-snippet:-1","max-image-preview":"max-image-preview:large","max-video-preview":"max-video-preview:-1"},"canonical":"https:\/\/vitaminetherapy.com\/en\/sartlar-ve-kosullar\/","og_locale":"en_US","og_type":"article","og_title":"\u015eartlar ve Ko\u015fullar - Vitamine Theraphy","og_description":"\u015eartlar ve Ko\u015fullar Bu Web Sitesi \u015eartlar\u0131 ve Ko\u015fullar\u0131 (\u201c\u015eartlar\u201d), https:\/\/vitaminetherapy.com\/en (\u201cWeb Sitesi\u201d) adresinde bulunan Vitamine Therapy web sitesi i\u00e7in ge\u00e7erlidir. Web Sitesi\u2019ne eri\u015ferek ve kullanarak, bu \u015eartlara ba\u011fl\u0131 oldu\u011funuzu&hellip;","og_url":"https:\/\/vitaminetherapy.com\/en\/sartlar-ve-kosullar\/","og_site_name":"Vitamine Theraphy","article_modified_time":"2024-02-22T21:45:14+00:00","twitter_card":"summary_large_image","twitter_misc":{"Est. reading time":"2 minutes"},"schema":{"@context":"https:\/\/schema.org","@graph":[{"@type":"WebPage","@id":"https:\/\/vitaminetherapy.com\/en\/sartlar-ve-kosullar\/","url":"https:\/\/vitaminetherapy.com\/en\/sartlar-ve-kosullar\/","name":"\u015eartlar ve Ko\u015fullar - Vitamine Theraphy","isPartOf":{"@id":"https:\/\/vitaminetherapy.com\/en\/#website"},"datePublished":"2024-02-22T21:43:45+00:00","dateModified":"2024-02-22T21:45:14+00:00","breadcrumb":{"@id":"https:\/\/vitaminetherapy.com\/en\/sartlar-ve-kosullar\/#breadcrumb"},"inLanguage":"en-US","potentialAction":[{"@type":"ReadAction","target":["https:\/\/vitaminetherapy.com\/en\/sartlar-ve-kosullar\/"]}]},{"@type":"BreadcrumbList","@id":"https:\/\/vitaminetherapy.com\/en\/sartlar-ve-kosullar\/#breadcrumb","itemListElement":[{"@type":"ListItem","position":1,"name":"Home","item":"https:\/\/vitaminetherapy.com\/en\/"},{"@type":"ListItem","position":2,"name":"\u015eartlar ve Ko\u015fullar"}]},{"@type":"WebSite","@id":"https:\/\/vitaminetherapy.com\/en\/#website","url":"https:\/\/vitaminetherapy.com\/en\/","name":"Vitamine Theraphy","description":"Evde IV Vitamin Terapi Uygulamalar\u0131","publisher":{"@id":"https:\/\/vitaminetherapy.com\/en\/#organization"},"potentialAction":[{"@type":"SearchAction","target":{"@type":"EntryPoint","urlTemplate":"https:\/\/vitaminetherapy.com\/en\/?s={search_term_string}"},"query-input":{"@type":"PropertyValueSpecification","valueRequired":true,"valueName":"search_term_string"}}],"inLanguage":"en-US"},{"@type":"Organization","@id":"https:\/\/vitaminetherapy.com\/en\/#organization","name":"Vitamine Theraphy","url":"https:\/\/vitaminetherapy.com\/en\/","logo":{"@type":"ImageObject","inLanguage":"en-US","@id":"https:\/\/vitaminetherapy.com\/en\/#\/schema\/logo\/image\/","url":"https:\/\/vitaminetherapy.com\/en\/wp-content\/uploads\/2024\/02\/vitamine-theraphy-logo-x.png","contentUrl":"https:\/\/vitaminetherapy.com\/en\/wp-content\/uploads\/2024\/02\/vitamine-theraphy-logo-x.png","width":243,"height":46,"caption":"Vitamine Theraphy"},"image":{"@id":"https:\/\/vitaminetherapy.com\/en\/#\/schema\/logo\/image\/"}}]}},"_links":{"self":[{"href":"https:\/\/vitaminetherapy.com\/en\/wp-json\/wp\/v2\/pages\/26029"}],"collection":[{"href":"https:\/\/vitaminetherapy.com\/en\/wp-json\/wp\/v2\/pages"}],"about":[{"href":"https:\/\/vitaminetherapy.com\/en\/wp-json\/wp\/v2\/types\/page"}],"author":[{"embeddable":true,"href":"https:\/\/vitaminetherapy.com\/en\/wp-json\/wp\/v2\/users\/6"}],"replies":[{"embeddable":true,"href":"https:\/\/vitaminetherapy.com\/en\/wp-json\/wp\/v2\/comments?post=26029"}],"version-history":[{"count":4,"href":"https:\/\/vitaminetherapy.com\/en\/wp-json\/wp\/v2\/pages\/26029\/revisions"}],"predecessor-version":[{"id":26033,"href":"https:\/\/vitaminetherapy.com\/en\/wp-json\/wp\/v2\/pages\/26029\/revisions\/26033"}],"wp:attachment":[{"href":"https:\/\/vitaminetherapy.com\/en\/wp-json\/wp\/v2\/media?parent=26029"}],"curies":[{"name":"wp","href":"https:\/\/api.w.org\/{rel}","templated":true}]}}