{"id":26034,"date":"2024-02-22T21:46:37","date_gmt":"2024-02-22T21:46:37","guid":{"rendered":"https:\/\/vitaminetherapy.com\/en\/?page_id=26034"},"modified":"2024-02-22T21:47:40","modified_gmt":"2024-02-22T21:47:40","slug":"kvkk","status":"publish","type":"page","link":"https:\/\/vitaminetherapy.com\/en\/kvkk\/","title":{"rendered":"KVKK"},"content":{"rendered":"\t\t<div data-elementor-type=\"wp-page\" data-elementor-id=\"26034\" class=\"elementor elementor-26034\">\n\t\t\t\t\t\t<section class=\"elementor-section elementor-top-section elementor-element elementor-element-a0a1e95 elementor-section-boxed elementor-section-height-default elementor-section-height-default sc_fly_static\" data-id=\"a0a1e95\" data-element_type=\"section\" data-settings=\"{&quot;background_background&quot;:&quot;classic&quot;}\">\n\t\t\t\t\t\t<div class=\"elementor-container elementor-column-gap-extended\">\n\t\t\t\t\t<div class=\"elementor-column elementor-col-100 elementor-top-column elementor-element elementor-element-b3bbd80 sc_inner_width_none sc_content_align_inherit sc_layouts_column_icons_position_left sc_fly_static\" data-id=\"b3bbd80\" data-element_type=\"column\">\n\t\t\t<div class=\"elementor-widget-wrap elementor-element-populated\">\n\t\t\t\t\t\t<div class=\"elementor-element elementor-element-706026c sc_fly_static elementor-widget elementor-widget-text-editor\" data-id=\"706026c\" data-element_type=\"widget\" data-widget_type=\"text-editor.default\">\n\t\t\t\t<div class=\"elementor-widget-container\">\n\t\t\t\t\t\t\t\t\t<h5>Ki\u015fisel Verilerin Korunmas\u0131<\/h5><p>IVA SA\u011eLIK VE B\u0130L\u0130\u015e\u0130M TEKNOLOJ\u0130LER\u0130 A.\u015e. (Vitamine Therapy) olarak, ki\u015fisel verilerinizin g\u00fcvenli\u011fi konusuna \u00f6nem vermekteyiz. Bu bilin\u00e7le, sizlere ait her t\u00fcrl\u00fc ki\u015fisel verinin m\u00fcmk\u00fcn olabilen en iyi \u015fekilde ve \u00f6zenle i\u015flenerek muhafaza edilmesine b\u00fcy\u00fck hassasiyet g\u00f6stermekteyiz. Bu sorumlulu\u011fumuzun bilinci ile 6698 say\u0131l\u0131 Ki\u015fisel Verilerin Korunmas\u0131 Kanunu (\u201cKanun\u201d) ve ilgili mevzuat kapsam\u0131nda Veri Sorumlusu s\u0131fat\u0131yla, ki\u015fisel verilerinizi a\u015fa\u011f\u0131da belirtilen \u00e7er\u00e7evede i\u015flemekteyiz.<\/p><h4>Ki\u015fisel Verilerin Toplanmas\u0131, \u0130\u015flenmesi ve \u0130\u015fleme Ama\u00e7lar\u0131<\/h4><p>Sizlere y\u00fcksek standartlarda hizmet sunabilmek amac\u0131 ile ki\u015fisel verilerinizi, verilen hizmetin niteli\u011fine ba\u011fl\u0131 olarak \u00c7a\u011fr\u0131 Merkezi, internet, mobil uygulamalar, fiziksel mek\u00e2nlar ve benzeri kanallardan s\u00f6zl\u00fc, yaz\u0131l\u0131, g\u00f6rsel, ya da elektronik olarak elde etmekteyiz.<\/p><p>Bu kapsamda t\u00fcm t\u0131bb\u00ee te\u015fhis, muayene, tedavi ve bak\u0131m hizmetlerinin y\u00fcr\u00fct\u00fclmesi i\u00e7in gerekli olan ve bu ama\u00e7la elde edilen ki\u015fisel sa\u011fl\u0131k verisi ba\u015fta olmak \u00fczere, ba\u015fl\u0131ca genel ve \u00f6zel nitelikli ki\u015fisel veriler a\u015fa\u011f\u0131da s\u0131ralanm\u0131\u015ft\u0131r;<\/p><ul><li>Ad\u0131n\u0131z, soyad\u0131n\u0131z, TC kimlik numaran\u0131z, T\u00fcrk vatanda\u015f\u0131 olmaman\u0131z halinde pasaport numaran\u0131z veya ge\u00e7ici TC kimlik numaran\u0131z, do\u011fum yeri ve tarihiniz, medeni haliniz, cinsiyet bilginiz gibi kimlik verileriniz ve ibraz etti\u011finiz TC Kimlik Kart\u0131 ya da Ehliyet fotokopiniz,<\/li><li>Adresiniz, Telefon numaran\u0131z, Elektronik posta adresiniz gibi ileti\u015fim verileriniz,<\/li><li>Banka hesap numaran\u0131z, IBAN numaran\u0131z gibi finansal verileriniz,<\/li><li>Dosyan\u0131zda takip edilmesi amac\u0131yla sundu\u011funuz laboratuvar ve g\u00f6r\u00fcnt\u00fcleme sonu\u00e7lar\u0131n\u0131z, test sonu\u00e7lar\u0131n\u0131z, muayene verileriniz, re\u00e7ete bilgileriniz gibi t\u0131bbi te\u015fhis, tedavi ve bak\u0131m hizmetlerinin y\u00fcr\u00fct\u00fclmesi s\u0131ras\u0131nda elde edilen sa\u011fl\u0131k verileriniz,<\/li><li>Hizmetlerimizi de\u011ferlendirmek amac\u0131 ile payla\u015ft\u0131\u011f\u0131n\u0131z yan\u0131t ve yorumlar\u0131n\u0131z,<\/li><li>\u00c7a\u011fr\u0131 Merkezimiz ile ileti\u015fime ge\u00e7ti\u011finiz takdirde tutulan sesli g\u00f6r\u00fc\u015fme kay\u0131tlar\u0131n\u0131z,<\/li><li>Sa\u011fl\u0131k hizmetlerinin finansman\u0131 ve planlamas\u0131 amac\u0131yla \u00f6zel sa\u011fl\u0131k sigortas\u0131na ili\u015fkin verileriniz,<\/li><li>Web sitemiz ve mobil uygulamam\u0131z\u0131n kullan\u0131m\u0131 s\u0131ras\u0131nda elde edilen gezinme bilgileri, IP adresi, taray\u0131c\u0131 bilgileri ve kendi r\u0131zan\u0131z ile iletti\u011finiz t\u0131bbi belgeler, anketler, form bilgileriniz ve konum verileriniz.<\/li><\/ul><p>Yukar\u0131da say\u0131lm\u0131\u015f olan ki\u015fisel verileriniz ile \u00f6zel nitelikli ki\u015fisel verileriniz a\u015fa\u011f\u0131daki ama\u00e7lar ile i\u015flenebilecektir:<\/p><ul><li>Kamu sa\u011fl\u0131\u011f\u0131n\u0131n korunmas\u0131, koruyucu hekimlik, t\u0131bb\u00ee te\u015fhis, tedavi ve bak\u0131m hizmetlerinin y\u00fcr\u00fct\u00fclmesi,<\/li><li>\u0130lgili mevzuat uyar\u0131nca Sa\u011fl\u0131k Bakanl\u0131\u011f\u0131 ve di\u011fer kamu kurum ve kurulu\u015flar\u0131 ile talep edilen bilgilerin payla\u015f\u0131lmas\u0131,<\/li><li>Yasal ve d\u00fczenleyici gereksinimlerin yerine getirilmesi,<\/li><li>Hasta Hizmetleri, Mali \u0130\u015fler, Pazarlama b\u00f6l\u00fcmleri taraf\u0131ndan sa\u011fl\u0131k hizmetlerinizin finansman\u0131, tetkik, te\u015fhis ve tedavi giderlerinizin kar\u015f\u0131lanmas\u0131, m\u00fcstehakl\u0131k sorgusu kapsam\u0131nda \u00f6zel sigorta \u015firketler ile talep edilen bilgilerin payla\u015f\u0131lmas\u0131,<\/li><li>\u00c7a\u011fr\u0131 Merkezi ve Dijital Kanallar\u0131m\u0131z arac\u0131l\u0131\u011f\u0131 ile randevunuz hakk\u0131nda sizi bilgilendirme,<\/li><li>Hasta Hizmetleri, Sa\u011fl\u0131k Profesyonellerimiz ve \u00c7a\u011fr\u0131 Merkezi b\u00f6l\u00fcmleri taraf\u0131ndan kimli\u011finizin teyit edilmesi,<\/li><li>Y\u00f6netim taraf\u0131ndan kurum i\u00e7 i\u015fleyi\u015finin planlanmas\u0131 ve y\u00f6netilmesi,<\/li><li>Kalite, Hasta Deneyimi, Bilgi Sistemleri b\u00f6l\u00fcmleri taraf\u0131ndan sa\u011fl\u0131k hizmetlerini geli\u015ftirme amac\u0131yla analiz yap\u0131lmas\u0131,<\/li><li>\u0130nsan Kaynaklar\u0131 ve Kalite b\u00f6l\u00fcmleri taraf\u0131ndan, \u00e7al\u0131\u015fanlar\u0131m\u0131za e\u011fitim verilmesi,<\/li><li>Denetim ve Bilgi Sistemleri b\u00f6l\u00fcmleri taraf\u0131ndan suistimal ve yetkisiz i\u015flemlerin izlenmesi ve engellenmesi,<\/li><li>Kalite, Hasta Deneyimi, Bilgi Sistemleri b\u00f6l\u00fcmleri taraf\u0131ndan risk y\u00f6netimi ve kalite geli\u015ftirme aktivitelerinin yerine getirilmesi,<\/li><li>Hasta Hizmetleri, Mali \u0130\u015fler, Pazarlama b\u00f6l\u00fcmleri taraf\u0131ndan hizmetlerimiz kar\u015f\u0131l\u0131\u011f\u0131nda faturaland\u0131rma yap\u0131lmas\u0131,<\/li><li>Hasta Hizmetleri, Mali \u0130\u015fler, Pazarlama b\u00f6l\u00fcmleri taraf\u0131ndan evde bak\u0131m merkezimiz ile anla\u015fmal\u0131 olan kurumlarla ili\u015fkinizin teyit edilmesi,<\/li><li>Hasta Deneyimi, Hasta Haklar\u0131, \u00c7a\u011fr\u0131 Merkezi b\u00f6l\u00fcmleri taraf\u0131ndan sa\u011fl\u0131k hizmetlerimize ili\u015fkin her t\u00fcrl\u00fc soru ve \u015fik\u00e2yetinize cevap verilebilmesi,<\/li><li>Y\u00f6netim Ekibi taraf\u0131ndan evde bak\u0131m sistem ve uygulamalar\u0131n\u0131n veri g\u00fcvenli\u011fi kapsam\u0131nda t\u00fcm gerekli teknik ve idari tedbirlerin al\u0131nmas\u0131,<\/li><li>Pazarlama, Medya ve \u0130leti\u015fim, \u00c7a\u011fr\u0131 Merkezi b\u00f6l\u00fcmleri taraf\u0131ndan kampanyalara kat\u0131l\u0131m ve kampanya bilgisi verilmesi, Web ve mobil kanallarda \u00f6zel i\u00e7eriklerin, somut ve soyut faydalar\u0131n tasarlanmas\u0131 ve iletilebilmesi,<\/li><li>Y\u00f6netim Ekibi, Hasta Haklar\u0131, Hasta Deneyimi b\u00f6l\u00fcmleri taraf\u0131ndan hasta memnuniyetinin \u00f6l\u00e7\u00fclmesi, artt\u0131r\u0131lmas\u0131 ve ara\u015ft\u0131r\u0131lmas\u0131,<\/li><li>Kurumun i\u015f birli\u011fi i\u00e7erisinde oldu\u011fu e\u011fitim kurumlar\u0131 taraf\u0131ndan e\u011fitim ve \u00f6\u011fretim faaliyetlerinin yerine getirilebilmesi.<\/li><\/ul><p>Yukar\u0131da belirtilen \u201cKi\u015fisel ve \u00d6zel Nitelikli Verileriniz\u201d Medical Center ve d\u0131\u015f hizmet sa\u011flay\u0131c\u0131lar\u0131n b\u00fcnyesinde fiziki ve elektronik ar\u015fivlerde b\u00fcy\u00fck bir titizlik ve mevzuat h\u00fck\u00fcmlerine riayet edilerek muhafaza edilebilecektir.<\/p><h4>Ki\u015fisel Verilerin Aktar\u0131lmas\u0131<\/h4><p>Ki\u015fisel verileriniz, 3359 say\u0131l\u0131 Sa\u011fl\u0131k Hizmetleri Temel Kanunu, 663 say\u0131l\u0131 Sa\u011fl\u0131k Bakanl\u0131\u011f\u0131 ve Ba\u011fl\u0131 Kurulu\u015flar\u0131n\u0131n Te\u015fkilat ve G\u00f6revleri Hakk\u0131nda Kanun H\u00fckm\u00fcnde Kararname, 6698 Say\u0131l\u0131 Ki\u015fisel Verilerin Korunmas\u0131 Kanunu, \u00d6zel Evde Bak\u0131m Merkezleri Y\u00f6netmeli\u011fi, Ki\u015fisel Sa\u011fl\u0131k Verilerinin \u0130\u015flenmesi ve Mahremiyetinin Korunmas\u0131 Y\u00f6netmeli\u011fi ve Sa\u011fl\u0131k Bakanl\u0131\u011f\u0131 d\u00fczenlemeleri ve sair mevzuat h\u00fck\u00fcmleri \u00e7er\u00e7evesinde ve yukar\u0131da a\u00e7\u0131klanan ama\u00e7larla;<\/p><ul><li>Sa\u011fl\u0131k Bakanl\u0131\u011f\u0131, bakanl\u0131\u011fa ba\u011fl\u0131 alt birimler ve aile hekimli\u011fi merkezleri,<\/li><li>\u00d6zel sigorta \u015firketleri (sa\u011fl\u0131k, emeklilik, hayat sigortas\u0131 ve benzeri),<\/li><li>Emniyet Genel M\u00fcd\u00fcrl\u00fc\u011f\u00fc ve di\u011fer kolluk kuvvetleri,<\/li><li>N\u00fcfus Genel M\u00fcd\u00fcrl\u00fc\u011f\u00fc,<\/li><li>Adli makamlar,<\/li><li>T\u0131bbi te\u015fhis ve tedavi i\u00e7in i\u015f birli\u011fi i\u00e7erisinde oldu\u011fumuz yurt i\u00e7inde veya yurt d\u0131\u015f\u0131nda bulunan laboratuvarlar, t\u0131p merkezleri, ambulans, t\u0131bbi cihaz ve sa\u011fl\u0131k hizmeti sunan kurumlar,<\/li><li>Hastan\u0131n sevk edildi\u011fi veya hastan\u0131n kendisinin ba\u015fvurdu\u011fu sa\u011fl\u0131k kurulu\u015fu,<\/li><li>Yetki vermi\u015f oldu\u011funuz kanuni temsilcileriniz,<\/li><li>\u00c7al\u0131\u015fmakta oldu\u011fumuz avukatlar, vergi dan\u0131\u015fmanlar\u0131 ve denet\u00e7iler de d\u00e2hil olmak \u00fczere dan\u0131\u015fmanl\u0131k ald\u0131\u011f\u0131m\u0131z \u00fc\u00e7\u00fcnc\u00fc ki\u015filer,<\/li><li>D\u00fczenleyici ve denetleyici kurumlar ve resmi merciler,<\/li><li>Hizmetlerinden faydaland\u0131\u011f\u0131m\u0131z veya i\u015fbirli\u011fi i\u00e7erisinde oldu\u011fumuz tedarik\u00e7ilerimiz, destek hizmet sa\u011flay\u0131c\u0131lar\u0131m\u0131z, ar\u015fiv hizmeti sa\u011flay\u0131c\u0131lar\u0131m\u0131z ve i\u015f ortaklar\u0131m\u0131z ile payla\u015f\u0131labilecektir.<\/li><\/ul><h4>Ki\u015fisel Veri Toplaman\u0131n Y\u00f6ntemi ve Hukuki Sebebi<\/h4><p>Ki\u015fisel verileriniz, her t\u00fcrl\u00fc s\u00f6zl\u00fc, yaz\u0131l\u0131, g\u00f6rsel ya da elektronik ortamda, yukar\u0131da yer verilen ama\u00e7lar ve Medical Center\u2019 \u0131n faaliyet konusuna dahil her t\u00fcrl\u00fc i\u015fin yasal \u00e7er\u00e7evede y\u00fcr\u00fct\u00fclebilmesi ve bu kapsamda Medical Center\u2019 \u0131n akdi ve kanuni y\u00fck\u00fcml\u00fcl\u00fcklerini tam ve gere\u011fi gibi ifa edebilmesi i\u00e7in toplanmakta ve i\u015flenmektedir. \u0130\u015fbu ki\u015filer verilerinizin toplanmas\u0131n\u0131n hukuki sebebi;<\/p><ul><li>6698 say\u0131l\u0131 Ki\u015fisel Verilerin Korunmas\u0131 Kanunu,<\/li><li>3359 say\u0131l\u0131 Sa\u011fl\u0131k Hizmetleri Temel Kanunu,<\/li><li>663 say\u0131l\u0131 Sa\u011fl\u0131k Bakanl\u0131\u011f\u0131 ve Ba\u011fl\u0131 Kurulu\u015flar\u0131n\u0131n Te\u015fkilat ve G\u00f6revleri Hakk\u0131nda Kanun H\u00fckm\u00fcnde Kararname,<\/li><li>\u00d6zel Evde Bak\u0131m Merkezi Y\u00f6netmeli\u011fi,<\/li><li>Ki\u015fisel Sa\u011fl\u0131k Verilerinin \u0130\u015flenmesi ve Mahremiyetinin Korunmas\u0131 Y\u00f6netmeli\u011fi,<\/li><li>Sa\u011fl\u0131k Bakanl\u0131\u011f\u0131 d\u00fczenlemeleri ve sair mevzuat h\u00fck\u00fcmleridir.<\/li><\/ul><p>Ayr\u0131ca, Kanun\u2019un 6. maddesi 3. f\u0131kras\u0131nda da belirtildi\u011fi \u00fczere sa\u011fl\u0131k ve cinsel hayata ili\u015fkin ki\u015fisel veriler ise ancak kamu sa\u011fl\u0131\u011f\u0131n\u0131n korunmas\u0131, koruyucu hekimlik, t\u0131bb\u0131 te\u015fhis, tedavi ve bak\u0131m hizmetlerinin y\u00fcr\u00fct\u00fclmesi, sa\u011fl\u0131k hizmetleri ile finansman\u0131n\u0131n planlanmas\u0131 ve y\u00f6netimi amac\u0131yla, s\u0131r saklama y\u00fck\u00fcml\u00fcl\u00fc\u011f\u00fc alt\u0131nda bulunan ki\u015filer veya yetkili kurum ve kurulu\u015flar taraf\u0131ndan ilgilinin a\u00e7\u0131k r\u0131zas\u0131 aranmaks\u0131z\u0131n i\u015flenebilir.<\/p><h4>Ki\u015fisel Verilerin Korunmas\u0131na Y\u00f6nelik Haklar\u0131n\u0131z<\/h4><ul><li>Kanun ve ilgili mevzuatlar uyar\u0131nca;<\/li><li>Ki\u015fisel veri i\u015flenip i\u015flenmedi\u011fini \u00f6\u011frenme,<\/li><li>Ki\u015fisel veriler i\u015flenmi\u015fse buna ili\u015fkin bilgi talep etme,<\/li><li>Ki\u015fisel sa\u011fl\u0131k verilerine eri\u015fim ve bu verileri isteme,<\/li><li>Ki\u015fisel verilerin i\u015flenme amac\u0131n\u0131 ve bunlar\u0131n amac\u0131na uygun kullan\u0131l\u0131p kullan\u0131lmad\u0131\u011f\u0131n\u0131 \u00f6\u011frenme,<\/li><li>Yurt i\u00e7inde veya yurt d\u0131\u015f\u0131nda ki\u015fisel verilerin aktar\u0131ld\u0131\u011f\u0131 \u00fc\u00e7\u00fcnc\u00fc ki\u015fileri bilme,<\/li><li>Ki\u015fisel verilerin eksik veya yanl\u0131\u015f i\u015flenmi\u015f olmas\u0131 h\u00e2linde bunlar\u0131n d\u00fczeltilmesini isteme,<\/li><li>Ki\u015fisel verilerin silinmesini veya yok edilmesini isteme,<\/li><li>Ki\u015fisel verilerin eksik veya yanl\u0131\u015f i\u015flenmi\u015f olmas\u0131 h\u00e2linde bunlar\u0131n d\u00fczeltilmesine ve\/veya ki\u015fisel verilerin silinmesini veya yok edilmesine ili\u015fkin i\u015flemlerin ki\u015fisel verilerin aktar\u0131ld\u0131\u011f\u0131 \u00fc\u00e7\u00fcnc\u00fc ki\u015filere bildirilmesini isteme,<\/li><li>\u0130\u015flenen verilerin m\u00fcnhas\u0131ran otomatik sistemler vas\u0131tas\u0131yla analiz edilmesi suretiyle ki\u015finin kendisi aleyhine bir sonucun ortaya \u00e7\u0131kmas\u0131na itiraz etme,<\/li><li>Ki\u015fisel verilerin kanuna ayk\u0131r\u0131 olarak i\u015flenmesi sebebiyle zarara u\u011framas\u0131 h\u00e2linde zarar\u0131n giderilmesini talep etme haklar\u0131na sahipsiniz.<\/li><\/ul><h4>Veri G\u00fcvenli\u011fi ve Ba\u015fvuru Hakk\u0131<\/h4><p>Ki\u015fisel verileriniz teknik ve idari imk\u00e2nlar d\u00e2hilinde titizlikle korunmakta ve gerekli g\u00fcvenlik tedbirleri, teknolojik imk\u00e2nlar da g\u00f6z \u00f6n\u00fcnde bulundurularak olas\u0131 risklere uygun bir d\u00fczeyde sa\u011flanmaktad\u0131r.<\/p><p>Kanun kapsam\u0131ndaki taleplerinizi, \u201chttps:\/\/vitaminetherapy.com\/en\u201d web adresindeki \u2018\u2019Ki\u015fisel Verilerin Korunmas\u0131 Kanunu Uyar\u0131nca Ba\u015fvuru Formunu doldurarak<\/p><ul><li>Kozyata\u011f\u0131 Mah. De\u011firmen Sk. Ar Plaza. E Blok. No:13\/3 Kat:2 Kad\u0131k\u00f6y\/\u0130stanbul adresine bizzat teslim edebilir,<\/li><li>Noter kanal\u0131yla g\u00f6nderebilir,<\/li><\/ul>\t\t\t\t\t\t\t\t<\/div>\n\t\t\t\t<\/div>\n\t\t\t\t\t<\/div>\n\t\t<\/div>\n\t\t\t\t\t<\/div>\n\t\t<\/section>\n\t\t\t\t<\/div>\n\t\t","protected":false},"excerpt":{"rendered":"<p>Ki\u015fisel Verilerin Korunmas\u0131 IVA SA\u011eLIK VE B\u0130L\u0130\u015e\u0130M TEKNOLOJ\u0130LER\u0130 A.\u015e. (Vitamine Therapy) olarak, ki\u015fisel verilerinizin g\u00fcvenli\u011fi konusuna \u00f6nem vermekteyiz. Bu bilin\u00e7le, sizlere ait her t\u00fcrl\u00fc ki\u015fisel verinin m\u00fcmk\u00fcn olabilen en iyi&hellip;<\/p>\n","protected":false},"author":6,"featured_media":0,"parent":0,"menu_order":0,"comment_status":"closed","ping_status":"closed","template":"","meta":{"om_disable_all_campaigns":false,"_monsterinsights_skip_tracking":false,"_monsterinsights_sitenote_active":false,"_monsterinsights_sitenote_note":"","_monsterinsights_sitenote_category":0,"_joinchat":[],"footnotes":""},"class_list":["post-26034","page","type-page","status-publish","hentry"],"yoast_head":"<!-- This site is optimized with the Yoast SEO plugin v24.2 - https:\/\/yoast.com\/wordpress\/plugins\/seo\/ -->\n<title>KVKK - Vitamine Theraphy<\/title>\n<meta name=\"robots\" content=\"index, follow, max-snippet:-1, max-image-preview:large, max-video-preview:-1\" \/>\n<link rel=\"canonical\" href=\"https:\/\/vitaminetherapy.com\/en\/kvkk\/\" \/>\n<meta property=\"og:locale\" content=\"en_US\" \/>\n<meta property=\"og:type\" content=\"article\" \/>\n<meta property=\"og:title\" content=\"KVKK - Vitamine Theraphy\" \/>\n<meta property=\"og:description\" content=\"Ki\u015fisel Verilerin Korunmas\u0131 IVA SA\u011eLIK VE B\u0130L\u0130\u015e\u0130M TEKNOLOJ\u0130LER\u0130 A.\u015e. (Vitamine Therapy) olarak, ki\u015fisel verilerinizin g\u00fcvenli\u011fi konusuna \u00f6nem vermekteyiz. Bu bilin\u00e7le, sizlere ait her t\u00fcrl\u00fc ki\u015fisel verinin m\u00fcmk\u00fcn olabilen en iyi&hellip;\" \/>\n<meta property=\"og:url\" content=\"https:\/\/vitaminetherapy.com\/en\/kvkk\/\" \/>\n<meta property=\"og:site_name\" content=\"Vitamine Theraphy\" \/>\n<meta property=\"article:modified_time\" content=\"2024-02-22T21:47:40+00:00\" \/>\n<meta name=\"twitter:card\" content=\"summary_large_image\" \/>\n<meta name=\"twitter:label1\" content=\"Est. reading time\" \/>\n\t<meta name=\"twitter:data1\" content=\"8 minutes\" \/>\n<script type=\"application\/ld+json\" class=\"yoast-schema-graph\">{\"@context\":\"https:\/\/schema.org\",\"@graph\":[{\"@type\":\"WebPage\",\"@id\":\"https:\/\/vitaminetherapy.com\/en\/kvkk\/\",\"url\":\"https:\/\/vitaminetherapy.com\/en\/kvkk\/\",\"name\":\"KVKK - Vitamine Theraphy\",\"isPartOf\":{\"@id\":\"https:\/\/vitaminetherapy.com\/en\/#website\"},\"datePublished\":\"2024-02-22T21:46:37+00:00\",\"dateModified\":\"2024-02-22T21:47:40+00:00\",\"breadcrumb\":{\"@id\":\"https:\/\/vitaminetherapy.com\/en\/kvkk\/#breadcrumb\"},\"inLanguage\":\"en-US\",\"potentialAction\":[{\"@type\":\"ReadAction\",\"target\":[\"https:\/\/vitaminetherapy.com\/en\/kvkk\/\"]}]},{\"@type\":\"BreadcrumbList\",\"@id\":\"https:\/\/vitaminetherapy.com\/en\/kvkk\/#breadcrumb\",\"itemListElement\":[{\"@type\":\"ListItem\",\"position\":1,\"name\":\"Home\",\"item\":\"https:\/\/vitaminetherapy.com\/en\/\"},{\"@type\":\"ListItem\",\"position\":2,\"name\":\"KVKK\"}]},{\"@type\":\"WebSite\",\"@id\":\"https:\/\/vitaminetherapy.com\/en\/#website\",\"url\":\"https:\/\/vitaminetherapy.com\/en\/\",\"name\":\"Vitamine Theraphy\",\"description\":\"Evde IV Vitamin Terapi Uygulamalar\u0131\",\"publisher\":{\"@id\":\"https:\/\/vitaminetherapy.com\/en\/#organization\"},\"potentialAction\":[{\"@type\":\"SearchAction\",\"target\":{\"@type\":\"EntryPoint\",\"urlTemplate\":\"https:\/\/vitaminetherapy.com\/en\/?s={search_term_string}\"},\"query-input\":{\"@type\":\"PropertyValueSpecification\",\"valueRequired\":true,\"valueName\":\"search_term_string\"}}],\"inLanguage\":\"en-US\"},{\"@type\":\"Organization\",\"@id\":\"https:\/\/vitaminetherapy.com\/en\/#organization\",\"name\":\"Vitamine Theraphy\",\"url\":\"https:\/\/vitaminetherapy.com\/en\/\",\"logo\":{\"@type\":\"ImageObject\",\"inLanguage\":\"en-US\",\"@id\":\"https:\/\/vitaminetherapy.com\/en\/#\/schema\/logo\/image\/\",\"url\":\"https:\/\/vitaminetherapy.com\/en\/wp-content\/uploads\/2024\/02\/vitamine-theraphy-logo-x.png\",\"contentUrl\":\"https:\/\/vitaminetherapy.com\/en\/wp-content\/uploads\/2024\/02\/vitamine-theraphy-logo-x.png\",\"width\":243,\"height\":46,\"caption\":\"Vitamine Theraphy\"},\"image\":{\"@id\":\"https:\/\/vitaminetherapy.com\/en\/#\/schema\/logo\/image\/\"}}]}<\/script>\n<!-- \/ Yoast SEO plugin. -->","yoast_head_json":{"title":"KVKK - Vitamine Theraphy","robots":{"index":"index","follow":"follow","max-snippet":"max-snippet:-1","max-image-preview":"max-image-preview:large","max-video-preview":"max-video-preview:-1"},"canonical":"https:\/\/vitaminetherapy.com\/en\/kvkk\/","og_locale":"en_US","og_type":"article","og_title":"KVKK - Vitamine Theraphy","og_description":"Ki\u015fisel Verilerin Korunmas\u0131 IVA SA\u011eLIK VE B\u0130L\u0130\u015e\u0130M TEKNOLOJ\u0130LER\u0130 A.\u015e. (Vitamine Therapy) olarak, ki\u015fisel verilerinizin g\u00fcvenli\u011fi konusuna \u00f6nem vermekteyiz. Bu bilin\u00e7le, sizlere ait her t\u00fcrl\u00fc ki\u015fisel verinin m\u00fcmk\u00fcn olabilen en iyi&hellip;","og_url":"https:\/\/vitaminetherapy.com\/en\/kvkk\/","og_site_name":"Vitamine Theraphy","article_modified_time":"2024-02-22T21:47:40+00:00","twitter_card":"summary_large_image","twitter_misc":{"Est. reading time":"8 minutes"},"schema":{"@context":"https:\/\/schema.org","@graph":[{"@type":"WebPage","@id":"https:\/\/vitaminetherapy.com\/en\/kvkk\/","url":"https:\/\/vitaminetherapy.com\/en\/kvkk\/","name":"KVKK - Vitamine Theraphy","isPartOf":{"@id":"https:\/\/vitaminetherapy.com\/en\/#website"},"datePublished":"2024-02-22T21:46:37+00:00","dateModified":"2024-02-22T21:47:40+00:00","breadcrumb":{"@id":"https:\/\/vitaminetherapy.com\/en\/kvkk\/#breadcrumb"},"inLanguage":"en-US","potentialAction":[{"@type":"ReadAction","target":["https:\/\/vitaminetherapy.com\/en\/kvkk\/"]}]},{"@type":"BreadcrumbList","@id":"https:\/\/vitaminetherapy.com\/en\/kvkk\/#breadcrumb","itemListElement":[{"@type":"ListItem","position":1,"name":"Home","item":"https:\/\/vitaminetherapy.com\/en\/"},{"@type":"ListItem","position":2,"name":"KVKK"}]},{"@type":"WebSite","@id":"https:\/\/vitaminetherapy.com\/en\/#website","url":"https:\/\/vitaminetherapy.com\/en\/","name":"Vitamine Theraphy","description":"Evde IV Vitamin Terapi Uygulamalar\u0131","publisher":{"@id":"https:\/\/vitaminetherapy.com\/en\/#organization"},"potentialAction":[{"@type":"SearchAction","target":{"@type":"EntryPoint","urlTemplate":"https:\/\/vitaminetherapy.com\/en\/?s={search_term_string}"},"query-input":{"@type":"PropertyValueSpecification","valueRequired":true,"valueName":"search_term_string"}}],"inLanguage":"en-US"},{"@type":"Organization","@id":"https:\/\/vitaminetherapy.com\/en\/#organization","name":"Vitamine Theraphy","url":"https:\/\/vitaminetherapy.com\/en\/","logo":{"@type":"ImageObject","inLanguage":"en-US","@id":"https:\/\/vitaminetherapy.com\/en\/#\/schema\/logo\/image\/","url":"https:\/\/vitaminetherapy.com\/en\/wp-content\/uploads\/2024\/02\/vitamine-theraphy-logo-x.png","contentUrl":"https:\/\/vitaminetherapy.com\/en\/wp-content\/uploads\/2024\/02\/vitamine-theraphy-logo-x.png","width":243,"height":46,"caption":"Vitamine Theraphy"},"image":{"@id":"https:\/\/vitaminetherapy.com\/en\/#\/schema\/logo\/image\/"}}]}},"_links":{"self":[{"href":"https:\/\/vitaminetherapy.com\/en\/wp-json\/wp\/v2\/pages\/26034"}],"collection":[{"href":"https:\/\/vitaminetherapy.com\/en\/wp-json\/wp\/v2\/pages"}],"about":[{"href":"https:\/\/vitaminetherapy.com\/en\/wp-json\/wp\/v2\/types\/page"}],"author":[{"embeddable":true,"href":"https:\/\/vitaminetherapy.com\/en\/wp-json\/wp\/v2\/users\/6"}],"replies":[{"embeddable":true,"href":"https:\/\/vitaminetherapy.com\/en\/wp-json\/wp\/v2\/comments?post=26034"}],"version-history":[{"count":4,"href":"https:\/\/vitaminetherapy.com\/en\/wp-json\/wp\/v2\/pages\/26034\/revisions"}],"predecessor-version":[{"id":26038,"href":"https:\/\/vitaminetherapy.com\/en\/wp-json\/wp\/v2\/pages\/26034\/revisions\/26038"}],"wp:attachment":[{"href":"https:\/\/vitaminetherapy.com\/en\/wp-json\/wp\/v2\/media?parent=26034"}],"curies":[{"name":"wp","href":"https:\/\/api.w.org\/{rel}","templated":true}]}}