{"id":26039,"date":"2024-02-22T21:48:40","date_gmt":"2024-02-22T21:48:40","guid":{"rendered":"https:\/\/vitaminetherapy.com\/en\/?page_id=26039"},"modified":"2024-02-22T21:49:47","modified_gmt":"2024-02-22T21:49:47","slug":"acik-riza-metni","status":"publish","type":"page","link":"https:\/\/vitaminetherapy.com\/en\/acik-riza-metni\/","title":{"rendered":"A\u00e7\u0131k R\u0131za Metni"},"content":{"rendered":"\t\t<div data-elementor-type=\"wp-page\" data-elementor-id=\"26039\" class=\"elementor elementor-26039\">\n\t\t\t\t\t\t<section class=\"elementor-section elementor-top-section elementor-element elementor-element-07c536f elementor-section-boxed elementor-section-height-default elementor-section-height-default sc_fly_static\" data-id=\"07c536f\" data-element_type=\"section\" data-settings=\"{&quot;background_background&quot;:&quot;classic&quot;}\">\n\t\t\t\t\t\t<div class=\"elementor-container elementor-column-gap-extended\">\n\t\t\t\t\t<div class=\"elementor-column elementor-col-100 elementor-top-column elementor-element elementor-element-2d8feac sc_inner_width_none sc_content_align_inherit sc_layouts_column_icons_position_left sc_fly_static\" data-id=\"2d8feac\" data-element_type=\"column\">\n\t\t\t<div class=\"elementor-widget-wrap elementor-element-populated\">\n\t\t\t\t\t\t<div class=\"elementor-element elementor-element-97f7337 sc_fly_static elementor-widget elementor-widget-text-editor\" data-id=\"97f7337\" data-element_type=\"widget\" data-widget_type=\"text-editor.default\">\n\t\t\t\t<div class=\"elementor-widget-container\">\n\t\t\t\t\t\t\t\t\t<h5>A\u00e7\u0131k R\u0131za Metni<\/h5><h3>K\u0130\u015e\u0130SEL VER\u0130LER\u0130N \u0130\u015eLENMES\u0130 HAKKINDA A\u00c7IK RIZA FORMU<\/h3><p>\u0130va Sa\u011fl\u0131k Bili\u015fim Teknolojileri A.\u015e. (Vitamine Therapy) taraf\u0131ndan Ki\u015fisel Verilerin \u0130\u015flenmesi Hakk\u0131nda Ayd\u0131nlatma\/ Bilgilendirme metninde detayl\u0131 olarak yer alan ki\u015fisel verilerinizin, s\u00f6zle\u015fmenin ifas\u0131, kanunda a\u00e7\u0131k\u00e7a \u00f6ng\u00f6r\u00fclmesi, hukuki y\u00fck\u00fcml\u00fcl\u00fc\u011f\u00fcm\u00fcz\u00fc yerine getirebilmemiz i\u00e7in zorunlu olmas\u0131 ve kamu sa\u011fl\u0131\u011f\u0131n\u0131n korunmas\u0131, koruyucu hekimlik, t\u0131bb\u00ee te\u015fhis, tedavi ve bak\u0131m hizmetlerinin y\u00fcr\u00fct\u00fclmesi, sa\u011fl\u0131k hizmetleri ile finansman\u0131n\u0131n planlanmas\u0131 ve y\u00f6netimi amac\u0131yla gerekti\u011fi \u00f6l\u00e7\u00fcde i\u015flenmesi ve aktar\u0131lmas\u0131 halleri haricinde; a\u015fa\u011f\u0131da belirtilen hususlara ili\u015fkin olarak a\u00e7\u0131k r\u0131zan\u0131z\u0131 talep ediyoruz;<\/p><h3>Ki\u015fisel Verilerin Toplanmas\u0131, \u0130\u015flenmesi ve \u0130\u015fleme Ama\u00e7lar\u0131<\/h3><p>Bana y\u00fcksek standartlarda hizmet sunabilmek amac\u0131 ile ki\u015fisel verilerimi, verilen hizmetin niteli\u011fine ba\u011fl\u0131 olarak \u00c7a\u011fr\u0131 Merkezi, internet, mobil uygulamalar, fiziksel mek\u00e2nlar ve benzeri kanallardan s\u00f6zl\u00fc, yaz\u0131l\u0131, g\u00f6rsel, ya da elektronik olarak elde etti\u011finiz konusunda Ki\u015fisel Verilerin \u0130\u015flenmesi Hakk\u0131nda Ayd\u0131nlatma\/Bilgilendirme metnini okuyarak bilgilendirildim.<\/p><p>Bu kapsamda t\u00fcm t\u0131bb\u00ee te\u015fhis, muayene, tedavi ve bak\u0131m hizmetlerinin y\u00fcr\u00fct\u00fclmesi i\u00e7in gerekli olan ve bu ama\u00e7la elde edilen ki\u015fisel sa\u011fl\u0131k verilerim ba\u015fta olmak \u00fczere, elde edilen ba\u015fl\u0131ca genel ve \u00f6zel nitelikli ki\u015fisel verilerim a\u015fa\u011f\u0131da s\u0131ralanm\u0131\u015ft\u0131r;<\/p><ul><li>Ad\u0131m, soyad\u0131m, TC kimlik numaram, T\u00fcrk vatanda\u015f\u0131 olmam halinde pasaport numaram veya ge\u00e7ici TC kimlik numaram, do\u011fum yeri ve tarihim, medeni halim, cinsiyet bilgim gibi kimlik verilerim ve ibraz etti\u011fim TC Kimlik Kart\u0131 ya da Ehliyet fotokopim,<\/li><li>Adresim, telefon numaram, elektronik posta adresim gibi ileti\u015fim verilerim,<\/li><li>Banka hesap numaram, IBAN numaram gibi finansal verilerim,<\/li><li>Dosyamda takip edilmesi amac\u0131yla kendi sundu\u011fum laboratuvar ve g\u00f6r\u00fcnt\u00fcleme sonu\u00e7lar\u0131m, test sonu\u00e7lar\u0131m, muayene verilerim, re\u00e7ete bilgilerim gibi t\u0131bbi te\u015fhis, tedavi ve bak\u0131m hizmetlerinin y\u00fcr\u00fct\u00fclmesi s\u0131ras\u0131nda elde edilen sa\u011fl\u0131k ve cinsel hayata ili\u015fkin verilerim,<\/li><li>Hizmetlerinizi de\u011ferlendirmek amac\u0131 ile payla\u015ft\u0131\u011f\u0131m yan\u0131t ve yorumlar,<\/li><li>\u00c7a\u011fr\u0131 Merkeziniz ile ileti\u015fime ge\u00e7ti\u011fim takdirde tutulan sesli g\u00f6r\u00fc\u015fme kay\u0131tlar\u0131,<\/li><li>Sa\u011fl\u0131k hizmetlerinin finansman\u0131 ve planlamas\u0131 amac\u0131yla \u00f6zel sa\u011fl\u0131k sigortas\u0131na ili\u015fkin verilerim ve Sosyal G\u00fcvenlik Kurumu verilerim,<\/li><li>Web siteniz ve mobil uygulaman\u0131z\u0131n kullan\u0131m\u0131 s\u0131ras\u0131nda elde edilen gezinme bilgilerim, IP adresim, taray\u0131c\u0131 bilgilerim ve kendi r\u0131zam ile iletti\u011fim t\u0131bbi belgeler, anketler, form bilgilerim ve konum verilerim.<\/li><\/ul><p>Yukar\u0131da say\u0131lm\u0131\u015f olan ki\u015fisel verilerim ile \u00f6zel nitelikli ki\u015fisel verilerimin a\u015fa\u011f\u0131daki ama\u00e7lar ile i\u015flenebilece\u011fi konusunda bilgilendirildim;<\/p><ul><li>Kamu sa\u011fl\u0131\u011f\u0131n\u0131n korunmas\u0131, koruyucu hekimlik, t\u0131bb\u00ee te\u015fhis, tedavi ve bak\u0131m hizmetlerinin y\u00fcr\u00fct\u00fclmesi,<\/li><li>\u0130lgili mevzuat uyar\u0131nca Sa\u011fl\u0131k Bakanl\u0131\u011f\u0131 ve di\u011fer kamu kurum ve kurulu\u015flar\u0131 ile talep edilen bilgilerin payla\u015f\u0131lmas\u0131,<\/li><li>Yasal ve d\u00fczenleyici gereksinimlerin yerine getirilmesi,<\/li><li>Hasta Hizmetleri, Mali \u0130\u015fler, Pazarlama b\u00f6l\u00fcmleri taraf\u0131ndan sa\u011fl\u0131k hizmetlerimin finansman\u0131, tetkik, te\u015fhis ve tedavi giderlerinizin kar\u015f\u0131lanmas\u0131, m\u00fcstehakl\u0131k sorgusu kapsam\u0131nda \u00f6zel sigorta \u015firketler ile talep edilen bilgilerin payla\u015f\u0131lmas\u0131,<\/li><li>\u00c7a\u011fr\u0131 Merkezi ve Dijital Kanallar\u0131n\u0131z arac\u0131l\u0131\u011f\u0131 ile randevum hakk\u0131nda bilgilendirilmek,<\/li><li>Hasta Hizmetleri, Sa\u011fl\u0131k Profesyonelleriniz ve \u00c7a\u011fr\u0131 Merkezi b\u00f6l\u00fcmleri taraf\u0131ndan kimli\u011fimin teyit edilmesi,<\/li><li>Evde Bak\u0131m Merkezi Y\u00f6netimi taraf\u0131ndan kurum i\u00e7 i\u015fleyi\u015finin planlanmas\u0131 ve y\u00f6netilmesi,<\/li><\/ul>\t\t\t\t\t\t\t\t<\/div>\n\t\t\t\t<\/div>\n\t\t\t\t\t<\/div>\n\t\t<\/div>\n\t\t\t\t\t<\/div>\n\t\t<\/section>\n\t\t\t\t<\/div>\n\t\t","protected":false},"excerpt":{"rendered":"<p>A\u00e7\u0131k R\u0131za Metni K\u0130\u015e\u0130SEL VER\u0130LER\u0130N \u0130\u015eLENMES\u0130 HAKKINDA A\u00c7IK RIZA FORMU \u0130va Sa\u011fl\u0131k Bili\u015fim Teknolojileri A.\u015e. (Vitamine Therapy) taraf\u0131ndan Ki\u015fisel Verilerin \u0130\u015flenmesi Hakk\u0131nda Ayd\u0131nlatma\/ Bilgilendirme metninde detayl\u0131 olarak yer alan ki\u015fisel&hellip;<\/p>\n","protected":false},"author":6,"featured_media":0,"parent":0,"menu_order":0,"comment_status":"closed","ping_status":"closed","template":"","meta":{"om_disable_all_campaigns":false,"_monsterinsights_skip_tracking":false,"_monsterinsights_sitenote_active":false,"_monsterinsights_sitenote_note":"","_monsterinsights_sitenote_category":0,"_joinchat":[],"footnotes":""},"class_list":["post-26039","page","type-page","status-publish","hentry"],"yoast_head":"<!-- This site is optimized with the Yoast SEO plugin v24.2 - https:\/\/yoast.com\/wordpress\/plugins\/seo\/ -->\n<title>A\u00e7\u0131k R\u0131za Metni - Vitamine Theraphy<\/title>\n<meta name=\"robots\" content=\"index, follow, max-snippet:-1, max-image-preview:large, max-video-preview:-1\" \/>\n<link rel=\"canonical\" href=\"https:\/\/vitaminetherapy.com\/en\/acik-riza-metni\/\" \/>\n<meta property=\"og:locale\" content=\"en_US\" \/>\n<meta property=\"og:type\" content=\"article\" \/>\n<meta property=\"og:title\" content=\"A\u00e7\u0131k R\u0131za Metni - Vitamine Theraphy\" \/>\n<meta property=\"og:description\" content=\"A\u00e7\u0131k R\u0131za Metni K\u0130\u015e\u0130SEL VER\u0130LER\u0130N \u0130\u015eLENMES\u0130 HAKKINDA A\u00c7IK RIZA FORMU \u0130va Sa\u011fl\u0131k Bili\u015fim Teknolojileri A.\u015e. (Vitamine Therapy) taraf\u0131ndan Ki\u015fisel Verilerin \u0130\u015flenmesi Hakk\u0131nda Ayd\u0131nlatma\/ Bilgilendirme metninde detayl\u0131 olarak yer alan ki\u015fisel&hellip;\" \/>\n<meta property=\"og:url\" content=\"https:\/\/vitaminetherapy.com\/en\/acik-riza-metni\/\" \/>\n<meta property=\"og:site_name\" content=\"Vitamine Theraphy\" \/>\n<meta property=\"article:modified_time\" content=\"2024-02-22T21:49:47+00:00\" \/>\n<meta name=\"twitter:card\" content=\"summary_large_image\" \/>\n<meta name=\"twitter:label1\" content=\"Est. reading time\" \/>\n\t<meta name=\"twitter:data1\" content=\"3 minutes\" \/>\n<script type=\"application\/ld+json\" class=\"yoast-schema-graph\">{\"@context\":\"https:\/\/schema.org\",\"@graph\":[{\"@type\":\"WebPage\",\"@id\":\"https:\/\/vitaminetherapy.com\/en\/acik-riza-metni\/\",\"url\":\"https:\/\/vitaminetherapy.com\/en\/acik-riza-metni\/\",\"name\":\"A\u00e7\u0131k R\u0131za Metni - Vitamine Theraphy\",\"isPartOf\":{\"@id\":\"https:\/\/vitaminetherapy.com\/en\/#website\"},\"datePublished\":\"2024-02-22T21:48:40+00:00\",\"dateModified\":\"2024-02-22T21:49:47+00:00\",\"breadcrumb\":{\"@id\":\"https:\/\/vitaminetherapy.com\/en\/acik-riza-metni\/#breadcrumb\"},\"inLanguage\":\"en-US\",\"potentialAction\":[{\"@type\":\"ReadAction\",\"target\":[\"https:\/\/vitaminetherapy.com\/en\/acik-riza-metni\/\"]}]},{\"@type\":\"BreadcrumbList\",\"@id\":\"https:\/\/vitaminetherapy.com\/en\/acik-riza-metni\/#breadcrumb\",\"itemListElement\":[{\"@type\":\"ListItem\",\"position\":1,\"name\":\"Home\",\"item\":\"https:\/\/vitaminetherapy.com\/en\/\"},{\"@type\":\"ListItem\",\"position\":2,\"name\":\"A\u00e7\u0131k R\u0131za Metni\"}]},{\"@type\":\"WebSite\",\"@id\":\"https:\/\/vitaminetherapy.com\/en\/#website\",\"url\":\"https:\/\/vitaminetherapy.com\/en\/\",\"name\":\"Vitamine Theraphy\",\"description\":\"Evde IV Vitamin Terapi Uygulamalar\u0131\",\"publisher\":{\"@id\":\"https:\/\/vitaminetherapy.com\/en\/#organization\"},\"potentialAction\":[{\"@type\":\"SearchAction\",\"target\":{\"@type\":\"EntryPoint\",\"urlTemplate\":\"https:\/\/vitaminetherapy.com\/en\/?s={search_term_string}\"},\"query-input\":{\"@type\":\"PropertyValueSpecification\",\"valueRequired\":true,\"valueName\":\"search_term_string\"}}],\"inLanguage\":\"en-US\"},{\"@type\":\"Organization\",\"@id\":\"https:\/\/vitaminetherapy.com\/en\/#organization\",\"name\":\"Vitamine Theraphy\",\"url\":\"https:\/\/vitaminetherapy.com\/en\/\",\"logo\":{\"@type\":\"ImageObject\",\"inLanguage\":\"en-US\",\"@id\":\"https:\/\/vitaminetherapy.com\/en\/#\/schema\/logo\/image\/\",\"url\":\"https:\/\/vitaminetherapy.com\/en\/wp-content\/uploads\/2024\/02\/vitamine-theraphy-logo-x.png\",\"contentUrl\":\"https:\/\/vitaminetherapy.com\/en\/wp-content\/uploads\/2024\/02\/vitamine-theraphy-logo-x.png\",\"width\":243,\"height\":46,\"caption\":\"Vitamine Theraphy\"},\"image\":{\"@id\":\"https:\/\/vitaminetherapy.com\/en\/#\/schema\/logo\/image\/\"}}]}<\/script>\n<!-- \/ Yoast SEO plugin. -->","yoast_head_json":{"title":"A\u00e7\u0131k R\u0131za Metni - Vitamine Theraphy","robots":{"index":"index","follow":"follow","max-snippet":"max-snippet:-1","max-image-preview":"max-image-preview:large","max-video-preview":"max-video-preview:-1"},"canonical":"https:\/\/vitaminetherapy.com\/en\/acik-riza-metni\/","og_locale":"en_US","og_type":"article","og_title":"A\u00e7\u0131k R\u0131za Metni - Vitamine Theraphy","og_description":"A\u00e7\u0131k R\u0131za Metni K\u0130\u015e\u0130SEL VER\u0130LER\u0130N \u0130\u015eLENMES\u0130 HAKKINDA A\u00c7IK RIZA FORMU \u0130va Sa\u011fl\u0131k Bili\u015fim Teknolojileri A.\u015e. (Vitamine Therapy) taraf\u0131ndan Ki\u015fisel Verilerin \u0130\u015flenmesi Hakk\u0131nda Ayd\u0131nlatma\/ Bilgilendirme metninde detayl\u0131 olarak yer alan ki\u015fisel&hellip;","og_url":"https:\/\/vitaminetherapy.com\/en\/acik-riza-metni\/","og_site_name":"Vitamine Theraphy","article_modified_time":"2024-02-22T21:49:47+00:00","twitter_card":"summary_large_image","twitter_misc":{"Est. reading time":"3 minutes"},"schema":{"@context":"https:\/\/schema.org","@graph":[{"@type":"WebPage","@id":"https:\/\/vitaminetherapy.com\/en\/acik-riza-metni\/","url":"https:\/\/vitaminetherapy.com\/en\/acik-riza-metni\/","name":"A\u00e7\u0131k R\u0131za Metni - Vitamine Theraphy","isPartOf":{"@id":"https:\/\/vitaminetherapy.com\/en\/#website"},"datePublished":"2024-02-22T21:48:40+00:00","dateModified":"2024-02-22T21:49:47+00:00","breadcrumb":{"@id":"https:\/\/vitaminetherapy.com\/en\/acik-riza-metni\/#breadcrumb"},"inLanguage":"en-US","potentialAction":[{"@type":"ReadAction","target":["https:\/\/vitaminetherapy.com\/en\/acik-riza-metni\/"]}]},{"@type":"BreadcrumbList","@id":"https:\/\/vitaminetherapy.com\/en\/acik-riza-metni\/#breadcrumb","itemListElement":[{"@type":"ListItem","position":1,"name":"Home","item":"https:\/\/vitaminetherapy.com\/en\/"},{"@type":"ListItem","position":2,"name":"A\u00e7\u0131k R\u0131za Metni"}]},{"@type":"WebSite","@id":"https:\/\/vitaminetherapy.com\/en\/#website","url":"https:\/\/vitaminetherapy.com\/en\/","name":"Vitamine Theraphy","description":"Evde IV Vitamin Terapi Uygulamalar\u0131","publisher":{"@id":"https:\/\/vitaminetherapy.com\/en\/#organization"},"potentialAction":[{"@type":"SearchAction","target":{"@type":"EntryPoint","urlTemplate":"https:\/\/vitaminetherapy.com\/en\/?s={search_term_string}"},"query-input":{"@type":"PropertyValueSpecification","valueRequired":true,"valueName":"search_term_string"}}],"inLanguage":"en-US"},{"@type":"Organization","@id":"https:\/\/vitaminetherapy.com\/en\/#organization","name":"Vitamine Theraphy","url":"https:\/\/vitaminetherapy.com\/en\/","logo":{"@type":"ImageObject","inLanguage":"en-US","@id":"https:\/\/vitaminetherapy.com\/en\/#\/schema\/logo\/image\/","url":"https:\/\/vitaminetherapy.com\/en\/wp-content\/uploads\/2024\/02\/vitamine-theraphy-logo-x.png","contentUrl":"https:\/\/vitaminetherapy.com\/en\/wp-content\/uploads\/2024\/02\/vitamine-theraphy-logo-x.png","width":243,"height":46,"caption":"Vitamine Theraphy"},"image":{"@id":"https:\/\/vitaminetherapy.com\/en\/#\/schema\/logo\/image\/"}}]}},"_links":{"self":[{"href":"https:\/\/vitaminetherapy.com\/en\/wp-json\/wp\/v2\/pages\/26039"}],"collection":[{"href":"https:\/\/vitaminetherapy.com\/en\/wp-json\/wp\/v2\/pages"}],"about":[{"href":"https:\/\/vitaminetherapy.com\/en\/wp-json\/wp\/v2\/types\/page"}],"author":[{"embeddable":true,"href":"https:\/\/vitaminetherapy.com\/en\/wp-json\/wp\/v2\/users\/6"}],"replies":[{"embeddable":true,"href":"https:\/\/vitaminetherapy.com\/en\/wp-json\/wp\/v2\/comments?post=26039"}],"version-history":[{"count":4,"href":"https:\/\/vitaminetherapy.com\/en\/wp-json\/wp\/v2\/pages\/26039\/revisions"}],"predecessor-version":[{"id":26043,"href":"https:\/\/vitaminetherapy.com\/en\/wp-json\/wp\/v2\/pages\/26039\/revisions\/26043"}],"wp:attachment":[{"href":"https:\/\/vitaminetherapy.com\/en\/wp-json\/wp\/v2\/media?parent=26039"}],"curies":[{"name":"wp","href":"https:\/\/api.w.org\/{rel}","templated":true}]}}