{"id":26907,"date":"2024-04-26T14:11:10","date_gmt":"2024-04-26T14:11:10","guid":{"rendered":"https:\/\/vitaminetherapy.com\/en\/?post_type=product&#038;p=26907"},"modified":"2025-05-27T15:50:07","modified_gmt":"2025-05-27T15:50:07","slug":"magnecor","status":"publish","type":"product","link":"https:\/\/vitaminetherapy.com\/en\/urun\/magnecor\/","title":{"rendered":"Magnecor"},"content":{"rendered":"<p><strong><span style=\"vertical-align: inherit;\"><span style=\"vertical-align: inherit;\">Magnecor Nedir?<\/span><\/span><\/strong><\/p>\n<p><span style=\"vertical-align: inherit;\"><span style=\"vertical-align: inherit;\">Magnecor, hekim taraf\u0131ndan re\u00e7ete edilen, magnezyum ve B6 vitamini i\u00e7eren bir g\u0131da takviyesidir.<\/span><\/span><\/p>\n<p>&nbsp;<\/p>\n<p><strong><span style=\"vertical-align: inherit;\"><span style=\"vertical-align: inherit;\">Magnezyum Ne \u0130\u015fe Yarar?<\/span><\/span><\/strong><\/p>\n<p><span style=\"vertical-align: inherit;\"><span style=\"vertical-align: inherit;\">Magnezyum v\u00fccut i\u00e7in gerekli bir mineraldir. Ancak v\u00fccutta do\u011fal olarak bulunan bir mineral de\u011fildir. Magnezyum yiyeceklerden veya takviyelerden al\u0131nabilir. V\u00fccudun sa\u011fl\u0131kl\u0131 \u00e7al\u0131\u015fmas\u0131 i\u00e7in enerji \u00fcretimi, ba\u011f\u0131\u015f\u0131kl\u0131k sistemini destekleme, DNA \u00fcretimi, kas ve sinir sistemine katk\u0131 sa\u011flamas\u0131 magnezyumun faydalar\u0131 aras\u0131ndad\u0131r.<\/span><\/span><\/p>\n<p><span style=\"vertical-align: inherit;\"><span style=\"vertical-align: inherit;\">Bu nedenle herkesin magnezyuma ihtiyac\u0131 vard\u0131r. V\u00fccudunda magnezyum eksikli\u011fi olan ki\u015filerde en iyi magnezyum ilac\u0131 aray\u0131\u015f\u0131 da artar. Magnezyum haplar\u0131 i\u00e7in doktorlar magnecor g\u0131da takviyelerini \u00f6nerebilir.<\/span><\/span><\/p>\n<p>&nbsp;<\/p>\n<p><strong><span style=\"vertical-align: inherit;\"><span style=\"vertical-align: inherit;\">Magnecor Ne \u0130\u00e7in Kullan\u0131l\u0131r?<\/span><\/span><\/strong><\/p>\n<p><span style=\"vertical-align: inherit;\"><span style=\"vertical-align: inherit;\">Magnecor magnezyum eksikli\u011finde kullan\u0131l\u0131r. Magnezyum, v\u00fccutta enerji i\u015flevinin \u00f6nemli minerallerinden biridir. Magnezyum eksikli\u011finin belirtileri aras\u0131nda yorgunluk, bitkinlik, d\u00fc\u015f\u00fck enerji, kas kramplar\u0131 ve a\u011fr\u0131 bulunur. Stres de magnezyum eksikli\u011fine neden olabilir. Magnezyum eksikli\u011finde g\u00f6r\u00fclen hastal\u0131klarda, Magnecor magnezyum takviyeleri ve B6 vitamini ya\u015fanan \u015fikayetlerin gerilemesine yard\u0131mc\u0131 olur. Magnecor, bir hekimin rehberli\u011finde en iyi magnezyum ilac\u0131n\u0131 arayanlar i\u00e7in iyi bir se\u00e7enek olabilir.<\/span><\/span><\/p>\n<p><strong><span style=\"vertical-align: inherit;\"><span style=\"vertical-align: inherit;\">Magnecor&#8217;da neler var?<\/span><\/span><\/strong><\/p>\n<p><span style=\"vertical-align: inherit;\"><span style=\"vertical-align: inherit;\">Magnezyum (Elemental) (Magnezyum Malat) (Sitrik Asitin Magnezyum Tuzlar\u0131) 200 mg, Piridoksal 5-fosfat (B6 Vitamini) 10MG, Hacim Artt\u0131r\u0131c\u0131; Mikrokristalin Sel\u00fcloz (E-460i), Em\u00fclgat\u00f6r; Polivinil Pirolidon (E1201), Topaklanmay\u0131 \u00d6nleyici; Ya\u011f Asitlerinin Magnezyum Tuzlar\u0131 (E470b)<\/span><\/span><\/p>\n<p>&nbsp;<\/p>\n<p><strong><span style=\"vertical-align: inherit;\"><span style=\"vertical-align: inherit;\">Magnezyum Hap\u0131 Nas\u0131l Kullan\u0131l\u0131r?<\/span><\/span><\/strong><\/p>\n<p><span style=\"vertical-align: inherit;\"><span style=\"vertical-align: inherit;\">Magnecor, magnezyum hap\u0131 olarak bilinir. Magnecor B6 takviyesi i\u00e7eren magnecor tabletinin g\u00fcnl\u00fck kullan\u0131m\u0131 tek par\u00e7a olmal\u0131d\u0131r. Ancak kullan\u0131m \u015fekli hekim taraf\u0131ndan belirlenmelidir. Hekim ayr\u0131ca Magnecor Magnezyum B6 kullan\u0131m s\u00fcresini de s\u00f6ylemelidir. Magnecor kullan\u0131m\u0131ndan sonra v\u00fccutta alerjik reaksiyon olmas\u0131 durumunda Magnecor kullan\u0131m\u0131 kesilmeli ve hekime derhal bilgi verilmelidir.<\/span><\/span><\/p>\n<p>&nbsp;<\/p>\n<p><strong><span style=\"vertical-align: inherit;\"><span style=\"vertical-align: inherit;\">Magnecor Magnezyum Faydalar\u0131<\/span><\/span><\/strong><\/p>\n<p><span style=\"vertical-align: inherit;\"><span style=\"vertical-align: inherit;\">Magnezyum eksikli\u011finde \u00f6nerilen magnezyum ve B6 i\u00e7eren magnecor g\u0131da takviyesinin faydalar\u0131;<\/span><\/span><\/p>\n<ul>\n<li><span style=\"vertical-align: inherit;\"><span style=\"vertical-align: inherit;\">Magnecor v\u00fccuttaki yorgunluk ve bitkinlik \u015fikayetlerini azalt\u0131r.<\/span><\/span><\/li>\n<li><span style=\"vertical-align: inherit;\"><span style=\"vertical-align: inherit;\">V\u00fccut a\u011fr\u0131lar\u0131na iyi gelir. Magnecor \u00f6zellikle kas a\u011fr\u0131lar\u0131, kemik a\u011fr\u0131lar\u0131, ba\u015f a\u011fr\u0131lar\u0131nda etkili bir takviyedir.<\/span><\/span><\/li>\n<li><span style=\"vertical-align: inherit;\"><span style=\"vertical-align: inherit;\">Magnecor, magnezyum eksikli\u011finde kemik erimesine kar\u015f\u0131 destek sa\u011flar.<\/span><\/span><\/li>\n<li><span style=\"vertical-align: inherit;\"><span style=\"vertical-align: inherit;\">Ba\u011f\u0131\u015f\u0131kl\u0131k sistemini g\u00fc\u00e7lendirir. Hastal\u0131klar\u0131n \u00f6nlenmesine yard\u0131mc\u0131 olur.<\/span><\/span><\/li>\n<li><span style=\"vertical-align: inherit;\"><span style=\"vertical-align: inherit;\">Magnecor uyku sorunlar\u0131na iyi geliyor.<\/span><\/span><\/li>\n<li><span style=\"vertical-align: inherit;\"><span style=\"vertical-align: inherit;\">Magnecor \u00f6zellikle geceleri olu\u015fan kas kramplar\u0131na iyi geliyor.<\/span><\/span><\/li>\n<li><span style=\"vertical-align: inherit;\"><span style=\"vertical-align: inherit;\">Huzursuz bacak sendromunda etkilidir.<\/span><\/span><\/li>\n<li><span style=\"vertical-align: inherit;\"><span style=\"vertical-align: inherit;\">Magnezyum eksikli\u011finde g\u00f6r\u00fclebilecek depresyonlar\u0131 \u00f6nler.<\/span><\/span><\/li>\n<li><span style=\"vertical-align: inherit;\"><span style=\"vertical-align: inherit;\">Zihin bulan\u0131kl\u0131\u011f\u0131, sisli beyin ad\u0131 verilen konsantrasyon eksikli\u011fini azalt\u0131r.<\/span><\/span><\/li>\n<li><span style=\"vertical-align: inherit;\"><span style=\"vertical-align: inherit;\">Magnecor, ileri ya\u015flarda g\u00f6r\u00fclebilen unutkanl\u0131k ve bunama gibi hastal\u0131klar\u0131n geli\u015fimini geciktirmeye katk\u0131 sa\u011flar.<\/span><\/span><\/li>\n<li><span style=\"vertical-align: inherit;\"><span style=\"vertical-align: inherit;\">Cildi besler, cilt kurulu\u011funu \u00f6nlemeye yard\u0131mc\u0131 olur.<\/span><\/span><\/li>\n<li><span style=\"vertical-align: inherit;\"><span style=\"vertical-align: inherit;\">Ba\u011f\u0131\u015f\u0131kl\u0131k sistemi hastal\u0131\u011f\u0131 (iltihapl\u0131 romatizma) olan romatoid artrit hastalar\u0131nda kronik iltihap \u015fikayetlerini azalt\u0131r.<\/span><\/span><\/li>\n<\/ul>\n<p><strong><span style=\"vertical-align: inherit;\"><span style=\"vertical-align: inherit;\">Magnecor G\u0131da Takviyesi midir?<\/span><\/span><\/strong><\/p>\n<p><span style=\"vertical-align: inherit;\"><span style=\"vertical-align: inherit;\">Magnecor magnezyum hap\u0131 bir ila\u00e7 de\u011fildir. Magnezyum eksikli\u011finde verilen bir g\u0131da takviyesidir. Hastal\u0131klar\u0131n tedavisinde kullan\u0131lmaz.<\/span><\/span><\/p>\n<p>&nbsp;<\/p>\n<p><strong><span style=\"vertical-align: inherit;\"><span style=\"vertical-align: inherit;\">Magnezyum \u00c7e\u015fitleri Nelerdir?<\/span><\/span><\/strong><\/p>\n<p><span style=\"vertical-align: inherit;\"><span style=\"vertical-align: inherit;\">Magnezyum \u00e7e\u015fitleri olduk\u00e7a fazlad\u0131r. Magnezyum glisinat, magnezyum malat, magnezyum N-asetil taurinat, magnezyum sitrat, magnezyum oksit, magnezyum hidroksit, magnezyum s\u00fclfat, magnezyum I-treonat magnezyum \u00e7e\u015fitleridir. V\u00fccutta ya\u015fanan \u015fikayetlere g\u00f6re hekim en uygun magnezyum takviyesini \u00f6nerecektir.<\/span><\/span><\/p>\n<p>&nbsp;<\/p>\n<p><strong><span style=\"vertical-align: inherit;\"><span style=\"vertical-align: inherit;\">Magnezyum takviyeleri ne i\u015fe yarar?<\/span><\/span><\/strong><\/p>\n<p><span style=\"vertical-align: inherit;\"><span style=\"vertical-align: inherit;\">Magnecor gibi Magnezyum B6 g\u0131da takviyeleri bir\u00e7ok nedenden dolay\u0131 kullan\u0131labilir. Magnecor kullan\u0131m\u0131na olan ihtiyac\u0131 hekim belirler.<\/span><\/span><\/p>\n<p>&nbsp;<\/p>\n","protected":false},"excerpt":{"rendered":"<p><strong><span style=\"vertical-align: inherit;\"><span style=\"vertical-align: inherit;\">Magnecor ile ba\u011f\u0131\u015f\u0131kl\u0131\u011f\u0131n\u0131z\u0131 g\u00fc\u00e7lendirin.<\/span><\/span><\/strong><\/p>\n","protected":false},"featured_media":26966,"template":"","meta":{"om_disable_all_campaigns":false,"_monsterinsights_skip_tracking":false,"_monsterinsights_sitenote_active":false,"_monsterinsights_sitenote_note":"","_monsterinsights_sitenote_category":0,"_joinchat":{"view":"no"}},"product_cat":[236],"product_tag":[],"class_list":{"0":"post-26907","1":"product","2":"type-product","3":"status-publish","4":"has-post-thumbnail","6":"product_cat-tuou","8":"first","9":"instock","10":"shipping-taxable","11":"product-type-external"},"yoast_head":"<!-- This site is optimized with the Yoast SEO plugin v24.2 - https:\/\/yoast.com\/wordpress\/plugins\/seo\/ -->\n<title>Magnecor - Vitamine Theraphy<\/title>\n<meta name=\"robots\" content=\"index, follow, max-snippet:-1, max-image-preview:large, max-video-preview:-1\" \/>\n<link rel=\"canonical\" href=\"https:\/\/vitaminetherapy.com\/en\/urun\/magnecor\/\" \/>\n<meta property=\"og:locale\" content=\"en_US\" \/>\n<meta property=\"og:type\" content=\"article\" \/>\n<meta property=\"og:title\" content=\"Magnecor - Vitamine Theraphy\" \/>\n<meta property=\"og:description\" content=\"Magnecor ile ba\u011f\u0131\u015f\u0131kl\u0131\u011f\u0131n\u0131z\u0131 g\u00fc\u00e7lendirin.\" \/>\n<meta property=\"og:url\" content=\"https:\/\/vitaminetherapy.com\/en\/urun\/magnecor\/\" \/>\n<meta property=\"og:site_name\" content=\"Vitamine Theraphy\" \/>\n<meta property=\"article:modified_time\" content=\"2025-05-27T15:50:07+00:00\" \/>\n<meta property=\"og:image\" content=\"https:\/\/vitaminetherapy.com\/en\/wp-content\/uploads\/2024\/04\/magnecor.png\" \/>\n\t<meta property=\"og:image:width\" content=\"1200\" \/>\n\t<meta property=\"og:image:height\" content=\"1200\" \/>\n\t<meta property=\"og:image:type\" content=\"image\/png\" \/>\n<meta name=\"twitter:card\" content=\"summary_large_image\" \/>\n<meta name=\"twitter:label1\" content=\"Est. reading time\" \/>\n\t<meta name=\"twitter:data1\" content=\"3 minutes\" \/>\n<script type=\"application\/ld+json\" class=\"yoast-schema-graph\">{\"@context\":\"https:\/\/schema.org\",\"@graph\":[{\"@type\":\"WebPage\",\"@id\":\"https:\/\/vitaminetherapy.com\/en\/urun\/magnecor\/\",\"url\":\"https:\/\/vitaminetherapy.com\/en\/urun\/magnecor\/\",\"name\":\"Magnecor - Vitamine Theraphy\",\"isPartOf\":{\"@id\":\"https:\/\/vitaminetherapy.com\/en\/#website\"},\"primaryImageOfPage\":{\"@id\":\"https:\/\/vitaminetherapy.com\/en\/urun\/magnecor\/#primaryimage\"},\"image\":{\"@id\":\"https:\/\/vitaminetherapy.com\/en\/urun\/magnecor\/#primaryimage\"},\"thumbnailUrl\":\"https:\/\/vitaminetherapy.com\/en\/wp-content\/uploads\/2024\/04\/magnecor.png\",\"datePublished\":\"2024-04-26T14:11:10+00:00\",\"dateModified\":\"2025-05-27T15:50:07+00:00\",\"breadcrumb\":{\"@id\":\"https:\/\/vitaminetherapy.com\/en\/urun\/magnecor\/#breadcrumb\"},\"inLanguage\":\"en-US\",\"potentialAction\":[{\"@type\":\"ReadAction\",\"target\":[\"https:\/\/vitaminetherapy.com\/en\/urun\/magnecor\/\"]}]},{\"@type\":\"ImageObject\",\"inLanguage\":\"en-US\",\"@id\":\"https:\/\/vitaminetherapy.com\/en\/urun\/magnecor\/#primaryimage\",\"url\":\"https:\/\/vitaminetherapy.com\/en\/wp-content\/uploads\/2024\/04\/magnecor.png\",\"contentUrl\":\"https:\/\/vitaminetherapy.com\/en\/wp-content\/uploads\/2024\/04\/magnecor.png\",\"width\":1200,\"height\":1200},{\"@type\":\"BreadcrumbList\",\"@id\":\"https:\/\/vitaminetherapy.com\/en\/urun\/magnecor\/#breadcrumb\",\"itemListElement\":[{\"@type\":\"ListItem\",\"position\":1,\"name\":\"Home\",\"item\":\"https:\/\/vitaminetherapy.com\/en\/\"},{\"@type\":\"ListItem\",\"position\":2,\"name\":\"IV Serumlar\",\"item\":\"https:\/\/vitaminetherapy.com\/en\/iv-serumlar\/\"},{\"@type\":\"ListItem\",\"position\":3,\"name\":\"Magnecor\"}]},{\"@type\":\"WebSite\",\"@id\":\"https:\/\/vitaminetherapy.com\/en\/#website\",\"url\":\"https:\/\/vitaminetherapy.com\/en\/\",\"name\":\"Vitamine Theraphy\",\"description\":\"Evde IV Vitamin Terapi Uygulamalar\u0131\",\"publisher\":{\"@id\":\"https:\/\/vitaminetherapy.com\/en\/#organization\"},\"potentialAction\":[{\"@type\":\"SearchAction\",\"target\":{\"@type\":\"EntryPoint\",\"urlTemplate\":\"https:\/\/vitaminetherapy.com\/en\/?s={search_term_string}\"},\"query-input\":{\"@type\":\"PropertyValueSpecification\",\"valueRequired\":true,\"valueName\":\"search_term_string\"}}],\"inLanguage\":\"en-US\"},{\"@type\":\"Organization\",\"@id\":\"https:\/\/vitaminetherapy.com\/en\/#organization\",\"name\":\"Vitamine Theraphy\",\"url\":\"https:\/\/vitaminetherapy.com\/en\/\",\"logo\":{\"@type\":\"ImageObject\",\"inLanguage\":\"en-US\",\"@id\":\"https:\/\/vitaminetherapy.com\/en\/#\/schema\/logo\/image\/\",\"url\":\"https:\/\/vitaminetherapy.com\/en\/wp-content\/uploads\/2024\/02\/vitamine-theraphy-logo-x.png\",\"contentUrl\":\"https:\/\/vitaminetherapy.com\/en\/wp-content\/uploads\/2024\/02\/vitamine-theraphy-logo-x.png\",\"width\":243,\"height\":46,\"caption\":\"Vitamine Theraphy\"},\"image\":{\"@id\":\"https:\/\/vitaminetherapy.com\/en\/#\/schema\/logo\/image\/\"}}]}<\/script>\n<!-- \/ Yoast SEO plugin. -->","yoast_head_json":{"title":"Magnecor - Vitamine Theraphy","robots":{"index":"index","follow":"follow","max-snippet":"max-snippet:-1","max-image-preview":"max-image-preview:large","max-video-preview":"max-video-preview:-1"},"canonical":"https:\/\/vitaminetherapy.com\/en\/urun\/magnecor\/","og_locale":"en_US","og_type":"article","og_title":"Magnecor - Vitamine Theraphy","og_description":"Magnecor ile ba\u011f\u0131\u015f\u0131kl\u0131\u011f\u0131n\u0131z\u0131 g\u00fc\u00e7lendirin.","og_url":"https:\/\/vitaminetherapy.com\/en\/urun\/magnecor\/","og_site_name":"Vitamine Theraphy","article_modified_time":"2025-05-27T15:50:07+00:00","og_image":[{"width":1200,"height":1200,"url":"https:\/\/vitaminetherapy.com\/en\/wp-content\/uploads\/2024\/04\/magnecor.png","type":"image\/png"}],"twitter_card":"summary_large_image","twitter_misc":{"Est. reading time":"3 minutes"},"schema":{"@context":"https:\/\/schema.org","@graph":[{"@type":"WebPage","@id":"https:\/\/vitaminetherapy.com\/en\/urun\/magnecor\/","url":"https:\/\/vitaminetherapy.com\/en\/urun\/magnecor\/","name":"Magnecor - Vitamine Theraphy","isPartOf":{"@id":"https:\/\/vitaminetherapy.com\/en\/#website"},"primaryImageOfPage":{"@id":"https:\/\/vitaminetherapy.com\/en\/urun\/magnecor\/#primaryimage"},"image":{"@id":"https:\/\/vitaminetherapy.com\/en\/urun\/magnecor\/#primaryimage"},"thumbnailUrl":"https:\/\/vitaminetherapy.com\/en\/wp-content\/uploads\/2024\/04\/magnecor.png","datePublished":"2024-04-26T14:11:10+00:00","dateModified":"2025-05-27T15:50:07+00:00","breadcrumb":{"@id":"https:\/\/vitaminetherapy.com\/en\/urun\/magnecor\/#breadcrumb"},"inLanguage":"en-US","potentialAction":[{"@type":"ReadAction","target":["https:\/\/vitaminetherapy.com\/en\/urun\/magnecor\/"]}]},{"@type":"ImageObject","inLanguage":"en-US","@id":"https:\/\/vitaminetherapy.com\/en\/urun\/magnecor\/#primaryimage","url":"https:\/\/vitaminetherapy.com\/en\/wp-content\/uploads\/2024\/04\/magnecor.png","contentUrl":"https:\/\/vitaminetherapy.com\/en\/wp-content\/uploads\/2024\/04\/magnecor.png","width":1200,"height":1200},{"@type":"BreadcrumbList","@id":"https:\/\/vitaminetherapy.com\/en\/urun\/magnecor\/#breadcrumb","itemListElement":[{"@type":"ListItem","position":1,"name":"Home","item":"https:\/\/vitaminetherapy.com\/en\/"},{"@type":"ListItem","position":2,"name":"IV Serumlar","item":"https:\/\/vitaminetherapy.com\/en\/iv-serumlar\/"},{"@type":"ListItem","position":3,"name":"Magnecor"}]},{"@type":"WebSite","@id":"https:\/\/vitaminetherapy.com\/en\/#website","url":"https:\/\/vitaminetherapy.com\/en\/","name":"Vitamine Theraphy","description":"Evde IV Vitamin Terapi Uygulamalar\u0131","publisher":{"@id":"https:\/\/vitaminetherapy.com\/en\/#organization"},"potentialAction":[{"@type":"SearchAction","target":{"@type":"EntryPoint","urlTemplate":"https:\/\/vitaminetherapy.com\/en\/?s={search_term_string}"},"query-input":{"@type":"PropertyValueSpecification","valueRequired":true,"valueName":"search_term_string"}}],"inLanguage":"en-US"},{"@type":"Organization","@id":"https:\/\/vitaminetherapy.com\/en\/#organization","name":"Vitamine Theraphy","url":"https:\/\/vitaminetherapy.com\/en\/","logo":{"@type":"ImageObject","inLanguage":"en-US","@id":"https:\/\/vitaminetherapy.com\/en\/#\/schema\/logo\/image\/","url":"https:\/\/vitaminetherapy.com\/en\/wp-content\/uploads\/2024\/02\/vitamine-theraphy-logo-x.png","contentUrl":"https:\/\/vitaminetherapy.com\/en\/wp-content\/uploads\/2024\/02\/vitamine-theraphy-logo-x.png","width":243,"height":46,"caption":"Vitamine Theraphy"},"image":{"@id":"https:\/\/vitaminetherapy.com\/en\/#\/schema\/logo\/image\/"}}]}},"_links":{"self":[{"href":"https:\/\/vitaminetherapy.com\/en\/wp-json\/wp\/v2\/product\/26907"}],"collection":[{"href":"https:\/\/vitaminetherapy.com\/en\/wp-json\/wp\/v2\/product"}],"about":[{"href":"https:\/\/vitaminetherapy.com\/en\/wp-json\/wp\/v2\/types\/product"}],"wp:featuredmedia":[{"embeddable":true,"href":"https:\/\/vitaminetherapy.com\/en\/wp-json\/wp\/v2\/media\/26966"}],"wp:attachment":[{"href":"https:\/\/vitaminetherapy.com\/en\/wp-json\/wp\/v2\/media?parent=26907"}],"wp:term":[{"taxonomy":"product_cat","embeddable":true,"href":"https:\/\/vitaminetherapy.com\/en\/wp-json\/wp\/v2\/product_cat?post=26907"},{"taxonomy":"product_tag","embeddable":true,"href":"https:\/\/vitaminetherapy.com\/en\/wp-json\/wp\/v2\/product_tag?post=26907"}],"curies":[{"name":"wp","href":"https:\/\/api.w.org\/{rel}","templated":true}]}}